{"id":17394,"date":"2025-07-04T06:44:44","date_gmt":"2025-07-04T06:44:44","guid":{"rendered":"https:\/\/akor-clash.com\/para-iadesi-politikasi\/"},"modified":"2026-01-12T12:51:17","modified_gmt":"2026-01-12T12:51:17","slug":"para-iadesi-politikasi","status":"publish","type":"page","link":"https:\/\/akor-clash.com\/tr\/para-iadesi-politikasi\/","title":{"rendered":"Para \u0130adesi Politikas\u0131"},"content":{"rendered":"\n<p>RAINBOW RITUALS LTD<\/p>\n\n\n\n<p>Y\u00fcr\u00fcrl\u00fck tarihi: 12 Ocak 2026<\/p>\n\n\n\n<p>Bu Politika, <strong>RAINBOW RITUALS LTD<\/strong> (&#8220;<strong>GLL<\/strong>&#8220;, &#8220;biz&#8221;, &#8220;bize&#8221;) taraf\u0131ndan i\u015fletilen <strong>Akor Clash<\/strong> &#8216;ta (&#8220;Oyun&#8221;) yap\u0131lan sat\u0131n al\u0131mlar i\u00e7in ne zaman ve nas\u0131l geri \u00f6deme alabilece\u011finizi a\u00e7\u0131klar. \u015eartlar ve Ko\u015fullar\u0131m\u0131z\u0131n bir par\u00e7as\u0131n\u0131 olu\u015fturur. Buradaki hi\u00e7bir \u015fey, 2015 Birle\u015fik Krall\u0131k T\u00fcketici Haklar\u0131 Yasas\u0131 veya 2013 T\u00fcketici S\u00f6zle\u015fmeleri Y\u00f6netmeli\u011fi kapsam\u0131ndaki yasal haklar\u0131n\u0131z\u0131 s\u0131n\u0131rlamaz.<\/p>\n\n\n\n<p>1. Yasal 14 g\u00fcnl\u00fck bekleme hakk\u0131n\u0131z<\/p>\n\n\n\n<ul class=\"wp-block-list\">\n<li>T\u00fcketici S\u00f6zle\u015fmeleri Y\u00f6netmeli\u011fi 2013 kapsam\u0131nda bir <strong>dijital i\u00e7erik<\/strong> sat\u0131n al\u0131m\u0131n\u0131 i\u015flemden sonraki <strong>14 takvim g\u00fcn\u00fc<\/strong> i\u00e7inde iptal edebilirsiniz (&#8220;Bekleme S\u00fcresi&#8221;).<\/li>\n\n\n\n<li><strong>\u0130stisna &#8211; an\u0131nda tedarik feragati:<\/strong> &#8220;<em>\u0130ndirmeye\/oynamaya hemen ba\u015fla<\/em>&#8221; se\u00e7ene\u011fini i\u015faretledi\u011finizde, an\u0131nda teslimat talep etmi\u015f ve <strong>i\u00e7erik teslim edildi\u011finde Bekleme S\u00fcresinin sona erece\u011fini kabul etmi\u015f<\/strong> olursunuz. Siz \u00f6deme yapmadan \u00f6nce bunu ekranda onaylar\u0131z. <\/li>\n<\/ul>\n\n\n\n<p>2. Nelerin iade edilip edilemeyece\u011fi<\/p>\n\n\n\n<figure class=\"wp-block-table\"><table class=\"has-fixed-layout\"><tbody><tr><td><strong>Sat\u0131n alma t\u00fcr\u00fc<\/strong><\/td><td><strong>\u0130ade edilebilir mi?<\/strong><\/td><td><strong>Ko\u015fullar<\/strong><\/td><td><strong>\u00d6rnekler*<\/strong><\/td><td><strong>Notlar<\/strong><\/td><\/tr><tr><td><strong>Kullan\u0131lmayan Dijital \u00d6\u011feler<\/strong><\/td><td><strong>Evet<\/strong> &#8211; 14 g\u00fcn i\u00e7inde<\/td><td>\u00d6\u011fe etkinle\u015ftirilmemi\u015f veya donat\u0131lmam\u0131\u015f<\/td><td>Kozmetik g\u00f6r\u00fcn\u00fcmler, avatarlar<\/td><td>Ruhsat iade \u00fczerine iptal edilir<\/td><\/tr><tr><td><strong>Harcanmam\u0131\u015f Sanal Para Birimi<\/strong><\/td><td><strong>Evet<\/strong> &#8211; 14 g\u00fcn i\u00e7inde<\/td><td>Bakiye bozulmam\u0131\u015f ve aktar\u0131lmam\u0131\u015f<\/td><td>&#8220;Akor Gems&#8221; paketleri<\/td><td>K\u0131smi bakiyeler en yak\u0131n paket kademesine yuvarlan\u0131r<\/td><\/tr><tr><td><strong>Sarf Malzemeleri \/ G\u00fc\u00e7lendiriciler<\/strong><\/td><td>Hay\u0131r<\/td><td>Etkinle\u015ftirildi\u011finde hemen t\u00fcketilir<\/td><td>XP \u00e7arpanlar\u0131<\/td><td>Herhangi bir k\u0131sm\u0131 kullan\u0131ld\u0131\u011f\u0131nda hari\u00e7 tutulur<\/td><\/tr><tr><td><strong>Sezonluk Ge\u00e7i\u015f \/ Abonelik<\/strong><\/td><td>Orant\u0131l\u0131 geri \u00f6deme<\/td><td>14 g\u00fcn i\u00e7inde; hi\u00e7bir \u00f6d\u00fcl talep edilmedi<\/td><td>Sava\u015f Bileti<\/td><td>Halihaz\u0131rda toplanan \u00f6d\u00fcllerin de\u011ferini d\u00fc\u015f\u00fcyoruz<\/td><\/tr><tr><td><strong>Hediye Kodlar\u0131 \/ Promosyon \u00dcr\u00fcnleri<\/strong><\/td><td>Hay\u0131r<\/td><td>N\/A<\/td><td>\u00dccretsiz hediye g\u00f6r\u00fcn\u00fcmleri<\/td><td>Yaln\u0131zca promosyon de\u011feri<\/td><\/tr><tr><td><strong>Teknik Ar\u0131za<\/strong><\/td><td>Evet<\/td><td>\u00dcr\u00fcn indirilemiyor veya ar\u0131zal\u0131<\/td><td>Bozuk dosya indirme<\/td><td>Kilitlenme g\u00fcnl\u00fc\u011f\u00fc veya hata ekran g\u00f6r\u00fcnt\u00fcs\u00fc sa\u011flay\u0131n<\/td><\/tr><tr><td><strong>\u0130hlale Ba\u011fl\u0131 Para Cezas\u0131<\/strong><\/td><td>Hay\u0131r<\/td><td>T&amp;C ihlali nedeniyle hesap yasakland\u0131<\/td><td>Hile, ters ibraz suistimali<\/td><td>T&amp;C \u00a714 uyar\u0131nca ge\u00e7ersiz k\u0131l\u0131nan sat\u0131n al\u0131mlar<\/td><\/tr><\/tbody><\/table><\/figure>\n\n\n\n<p>*\u00d6rnekler g\u00fcncel katalo\u011fu yans\u0131tmaktad\u0131r  <\/p>\n\n\n\n<p>3. Para iadesi nas\u0131l talep edilir<\/p>\n\n\n\n<ol class=\"wp-block-list\">\n<li><strong>Self servis portal\u0131<\/strong> &#8211; Giri\u015f yap\u0131n \u2192 <em>Hesap &gt; Sat\u0131n Alma Ge\u00e7mi\u015fi<\/em> \u2192 sipari\u015fi se\u00e7in \u2192 <em>Para \u0130adesi Talep<\/em> Edin.<\/li>\n\n\n\n<li><strong>E-posta<\/strong> &#8211; info@akor-clash.com ile: Sipari\u015f numaras\u0131, \u00fcr\u00fcn ad\u0131, sat\u0131n alma tarihi, nedeni.<\/li>\n\n\n\n<li><strong>Zaman s\u0131n\u0131r\u0131<\/strong> &#8211; Bir sorunu ke\u015ffettikten sonra <strong>48 saat<\/strong> i\u00e7inde ve uygun oldu\u011fu durumlarda her zaman 14 g\u00fcnl\u00fck s\u00fcre i\u00e7inde g\u00f6nderin.<\/li>\n<\/ol>\n\n\n\n<p>Talebinizi <strong>48 saat<\/strong> i\u00e7inde kabul edecek ve <strong>be\u015f (5) Birle\u015fik Krall\u0131k i\u015f g\u00fcn\u00fc<\/strong> i\u00e7inde bir karar verece\u011fiz.<\/p>\n\n\n\n<p>4. Geri \u00f6deme y\u00f6ntemi ve zamanlamas\u0131<\/p>\n\n\n\n<ul class=\"wp-block-list\">\n<li>Onaylanan geri \u00f6demeler <strong>orijinal \u00f6deme y\u00f6ntemine<\/strong> yat\u0131r\u0131l\u0131r. Bu m\u00fcmk\u00fcn de\u011filse (\u00f6rne\u011fin kart\u0131n s\u00fcresi dolmu\u015fsa), oyun i\u00e7i c\u00fczdan\u0131n\u0131za veya banka havalesi yoluyla geri \u00f6deme yapar\u0131z. <\/li>\n\n\n\n<li>Fonlar, i\u015flemci zaman \u00e7izelgelerine tabi olarak, genellikle onayland\u0131ktan sonraki <strong>14 takvim g\u00fcn\u00fc i\u00e7inde<\/strong> g\u00f6r\u00fcn\u00fcr.<\/li>\n\n\n\n<li>Para birimi d\u00f6n\u00fc\u015f\u00fcmleri ve banka \u00fccretleri bizim kontrol\u00fcm\u00fcz d\u0131\u015f\u0131ndad\u0131r.<\/li>\n<\/ul>\n\n\n\n<p>5. Ters ibrazlar ve doland\u0131r\u0131c\u0131l\u0131k<\/p>\n\n\n\n<p>Yetkisiz veya hileli \u00f6deme anla\u015fmazl\u0131klar\u0131 (ters ibrazlar), soru\u015fturmay\u0131 beklerken <strong>hesab\u0131n<\/strong> derhal ask\u0131ya al\u0131nmas\u0131n\u0131 tetikler. Kan\u0131tlanm\u0131\u015f k\u00f6t\u00fcye kullan\u0131m, kal\u0131c\u0131 yasaklama ve Dijital \u00d6\u011felerin kaybedilmesi ile sonu\u00e7lanabilir (bkz. T&amp;C \u00a714). <\/p>\n\n\n\n<p>6. S\u0131n\u0131r \u00f6tesi vergiler<\/p>\n\n\n\n<p>\u0130adeler, ba\u015flang\u0131\u00e7ta tahsil edilen Birle\u015fik Krall\u0131k KDV&#8217;sini veya AB dijital hizmetler KDV&#8217;sini i\u00e7erir. Yerel banka veya kart ek \u00fccretleri iade edilmez. <\/p>\n\n\n\n<p>7. Bu Politikadaki G\u00fcncellemeler<\/p>\n\n\n\n<p>Yasal de\u011fi\u015fiklikleri veya yeni Oyun \u00f6zelliklerini yans\u0131tmak i\u00e7in bu Politikay\u0131 de\u011fi\u015ftirebiliriz. \u00d6nemli de\u011fi\u015fiklikler <strong>14 g\u00fcn \u00f6nceden<\/strong> e-posta veya oyun i\u00e7i bildirim yoluyla duyurulur. Yukar\u0131daki &#8220;y\u00fcr\u00fcrl\u00fck tarihi&#8221; buna g\u00f6re g\u00fcncellenecektir.  <\/p>\n\n\n\n<p>8. \u0130leti\u015fim<\/p>\n\n\n\n<p>RAINBOW RITUALS LTD<\/p>\n\n\n\n<p>20 Wenlock Road, London, England, N1 7GU, United Kingdom.E-posta: info@akor-clash.com<\/p>\n\n\n\n<p>Talebinizin yanl\u0131\u015f bir \u015fekilde ele al\u0131nd\u0131\u011f\u0131n\u0131 d\u00fc\u015f\u00fcn\u00fcyorsan\u0131z, <strong>T\u00fcketici Tahkim Program\u0131na (CEDR<\/strong> ) veya yerel t\u00fcketici koruma makam\u0131n\u0131za ba\u015fvurabilirsiniz.<\/p>\n\n\n\n<p><em>Son g\u00fcncelleme: 12 Ocak 2025<\/em><\/p>\n\n\n\n<style>.edgt-position-right .wp-block-button__link{\ncolor: black !important;\nborder: 1px solid black !important;\n}\nh3{\ncolor:#000;\n}\n.edgt-content p{\ncolor:#000 !important;\n}\n.edgt-position-right .wp-block-button__link{\ncolor:#fff !important;\n}\n<\/style>\n","protected":false},"excerpt":{"rendered":"<p>RAINBOW RITUALS LTD Y\u00fcr\u00fcrl\u00fck tarihi: 12 Ocak 2026 Bu Politika, RAINBOW RITUALS LTD (&#8220;GLL&#8220;, &#8220;biz&#8221;, &#8220;bize&#8221;) taraf\u0131ndan i\u015fletilen Akor Clash &#8216;ta (&#8220;Oyun&#8221;) yap\u0131lan sat\u0131n al\u0131mlar i\u00e7in ne zaman ve nas\u0131l geri \u00f6deme alabilece\u011finizi a\u00e7\u0131klar. \u015eartlar ve Ko\u015fullar\u0131m\u0131z\u0131n bir par\u00e7as\u0131n\u0131 olu\u015fturur. Buradaki hi\u00e7bir \u015fey, 2015 Birle\u015fik&#8230;<\/p>\n","protected":false},"author":1,"featured_media":0,"parent":0,"menu_order":-18,"comment_status":"closed","ping_status":"closed","template":"","meta":{"footnotes":""},"class_list":["post-17394","page","type-page","status-publish","hentry"],"yoast_head":"<!-- This site is optimized with the Yoast SEO plugin v25.4 - https:\/\/yoast.com\/wordpress\/plugins\/seo\/ -->\n<title>Para \u0130adesi Politikas\u0131 - Akor \u00c7at\u0131\u015fmas\u0131<\/title>\n<meta name=\"robots\" content=\"index, follow, max-snippet:-1, max-image-preview:large, max-video-preview:-1\" \/>\n<link rel=\"canonical\" href=\"https:\/\/akor-clash.com\/tr\/para-iadesi-politikasi\/\" \/>\n<meta property=\"og:locale\" content=\"tr_TR\" \/>\n<meta property=\"og:type\" content=\"article\" \/>\n<meta property=\"og:title\" content=\"Para \u0130adesi Politikas\u0131 - Akor \u00c7at\u0131\u015fmas\u0131\" \/>\n<meta property=\"og:description\" content=\"RAINBOW RITUALS LTD Y\u00fcr\u00fcrl\u00fck tarihi: 12 Ocak 2026 Bu Politika, RAINBOW RITUALS LTD (&#8220;GLL&#8220;, &#8220;biz&#8221;, &#8220;bize&#8221;) taraf\u0131ndan i\u015fletilen Akor Clash &#8216;ta (&#8220;Oyun&#8221;) yap\u0131lan sat\u0131n al\u0131mlar i\u00e7in ne zaman ve nas\u0131l geri \u00f6deme alabilece\u011finizi a\u00e7\u0131klar. \u015eartlar ve Ko\u015fullar\u0131m\u0131z\u0131n bir par\u00e7as\u0131n\u0131 olu\u015fturur. Buradaki hi\u00e7bir \u015fey, 2015 Birle\u015fik...\" \/>\n<meta property=\"og:url\" content=\"https:\/\/akor-clash.com\/tr\/para-iadesi-politikasi\/\" \/>\n<meta property=\"og:site_name\" content=\"Akor \u00c7at\u0131\u015fmas\u0131\" \/>\n<meta property=\"article:modified_time\" content=\"2026-01-12T12:51:17+00:00\" \/>\n<meta name=\"twitter:card\" content=\"summary_large_image\" \/>\n<meta name=\"twitter:label1\" content=\"Tahmini okuma s\u00fcresi\" \/>\n\t<meta name=\"twitter:data1\" content=\"3 dakika\" \/>\n<script type=\"application\/ld+json\" class=\"yoast-schema-graph\">{\"@context\":\"https:\/\/schema.org\",\"@graph\":[{\"@type\":\"WebPage\",\"@id\":\"https:\/\/akor-clash.com\/tr\/para-iadesi-politikasi\/\",\"url\":\"https:\/\/akor-clash.com\/tr\/para-iadesi-politikasi\/\",\"name\":\"Para \u0130adesi Politikas\u0131 - Akor \u00c7at\u0131\u015fmas\u0131\",\"isPartOf\":{\"@id\":\"https:\/\/akor-clash.com\/#website\"},\"datePublished\":\"2025-07-04T06:44:44+00:00\",\"dateModified\":\"2026-01-12T12:51:17+00:00\",\"breadcrumb\":{\"@id\":\"https:\/\/akor-clash.com\/tr\/para-iadesi-politikasi\/#breadcrumb\"},\"inLanguage\":\"tr\",\"potentialAction\":[{\"@type\":\"ReadAction\",\"target\":[\"https:\/\/akor-clash.com\/tr\/para-iadesi-politikasi\/\"]}]},{\"@type\":\"BreadcrumbList\",\"@id\":\"https:\/\/akor-clash.com\/tr\/para-iadesi-politikasi\/#breadcrumb\",\"itemListElement\":[{\"@type\":\"ListItem\",\"position\":1,\"name\":\"Home\",\"item\":\"https:\/\/akor-clash.com\/tr\/\"},{\"@type\":\"ListItem\",\"position\":2,\"name\":\"Para \u0130adesi Politikas\u0131\"}]},{\"@type\":\"WebSite\",\"@id\":\"https:\/\/akor-clash.com\/#website\",\"url\":\"https:\/\/akor-clash.com\/\",\"name\":\"Akor Clash\",\"description\":\"\",\"publisher\":{\"@id\":\"https:\/\/akor-clash.com\/#organization\"},\"potentialAction\":[{\"@type\":\"SearchAction\",\"target\":{\"@type\":\"EntryPoint\",\"urlTemplate\":\"https:\/\/akor-clash.com\/?s={search_term_string}\"},\"query-input\":{\"@type\":\"PropertyValueSpecification\",\"valueRequired\":true,\"valueName\":\"search_term_string\"}}],\"inLanguage\":\"tr\"},{\"@type\":\"Organization\",\"@id\":\"https:\/\/akor-clash.com\/#organization\",\"name\":\"Akor Clash\",\"url\":\"https:\/\/akor-clash.com\/\",\"logo\":{\"@type\":\"ImageObject\",\"inLanguage\":\"tr\",\"@id\":\"https:\/\/akor-clash.com\/#\/schema\/logo\/image\/\",\"url\":\"https:\/\/akor-clash.com\/wp-content\/uploads\/2025\/07\/cropped-logo-akor-clash.png\",\"contentUrl\":\"https:\/\/akor-clash.com\/wp-content\/uploads\/2025\/07\/cropped-logo-akor-clash.png\",\"width\":512,\"height\":512,\"caption\":\"Akor Clash\"},\"image\":{\"@id\":\"https:\/\/akor-clash.com\/#\/schema\/logo\/image\/\"}}]}<\/script>\n<!-- \/ Yoast SEO plugin. -->","yoast_head_json":{"title":"Para \u0130adesi Politikas\u0131 - Akor \u00c7at\u0131\u015fmas\u0131","robots":{"index":"index","follow":"follow","max-snippet":"max-snippet:-1","max-image-preview":"max-image-preview:large","max-video-preview":"max-video-preview:-1"},"canonical":"https:\/\/akor-clash.com\/tr\/para-iadesi-politikasi\/","og_locale":"tr_TR","og_type":"article","og_title":"Para \u0130adesi Politikas\u0131 - Akor \u00c7at\u0131\u015fmas\u0131","og_description":"RAINBOW RITUALS LTD Y\u00fcr\u00fcrl\u00fck tarihi: 12 Ocak 2026 Bu Politika, RAINBOW RITUALS LTD (&#8220;GLL&#8220;, &#8220;biz&#8221;, &#8220;bize&#8221;) taraf\u0131ndan i\u015fletilen Akor Clash &#8216;ta (&#8220;Oyun&#8221;) yap\u0131lan sat\u0131n al\u0131mlar i\u00e7in ne zaman ve nas\u0131l geri \u00f6deme alabilece\u011finizi a\u00e7\u0131klar. \u015eartlar ve Ko\u015fullar\u0131m\u0131z\u0131n bir par\u00e7as\u0131n\u0131 olu\u015fturur. Buradaki hi\u00e7bir \u015fey, 2015 Birle\u015fik...","og_url":"https:\/\/akor-clash.com\/tr\/para-iadesi-politikasi\/","og_site_name":"Akor \u00c7at\u0131\u015fmas\u0131","article_modified_time":"2026-01-12T12:51:17+00:00","twitter_card":"summary_large_image","twitter_misc":{"Tahmini okuma s\u00fcresi":"3 dakika"},"schema":{"@context":"https:\/\/schema.org","@graph":[{"@type":"WebPage","@id":"https:\/\/akor-clash.com\/tr\/para-iadesi-politikasi\/","url":"https:\/\/akor-clash.com\/tr\/para-iadesi-politikasi\/","name":"Para \u0130adesi Politikas\u0131 - Akor \u00c7at\u0131\u015fmas\u0131","isPartOf":{"@id":"https:\/\/akor-clash.com\/#website"},"datePublished":"2025-07-04T06:44:44+00:00","dateModified":"2026-01-12T12:51:17+00:00","breadcrumb":{"@id":"https:\/\/akor-clash.com\/tr\/para-iadesi-politikasi\/#breadcrumb"},"inLanguage":"tr","potentialAction":[{"@type":"ReadAction","target":["https:\/\/akor-clash.com\/tr\/para-iadesi-politikasi\/"]}]},{"@type":"BreadcrumbList","@id":"https:\/\/akor-clash.com\/tr\/para-iadesi-politikasi\/#breadcrumb","itemListElement":[{"@type":"ListItem","position":1,"name":"Home","item":"https:\/\/akor-clash.com\/tr\/"},{"@type":"ListItem","position":2,"name":"Para \u0130adesi Politikas\u0131"}]},{"@type":"WebSite","@id":"https:\/\/akor-clash.com\/#website","url":"https:\/\/akor-clash.com\/","name":"Akor Clash","description":"","publisher":{"@id":"https:\/\/akor-clash.com\/#organization"},"potentialAction":[{"@type":"SearchAction","target":{"@type":"EntryPoint","urlTemplate":"https:\/\/akor-clash.com\/?s={search_term_string}"},"query-input":{"@type":"PropertyValueSpecification","valueRequired":true,"valueName":"search_term_string"}}],"inLanguage":"tr"},{"@type":"Organization","@id":"https:\/\/akor-clash.com\/#organization","name":"Akor Clash","url":"https:\/\/akor-clash.com\/","logo":{"@type":"ImageObject","inLanguage":"tr","@id":"https:\/\/akor-clash.com\/#\/schema\/logo\/image\/","url":"https:\/\/akor-clash.com\/wp-content\/uploads\/2025\/07\/cropped-logo-akor-clash.png","contentUrl":"https:\/\/akor-clash.com\/wp-content\/uploads\/2025\/07\/cropped-logo-akor-clash.png","width":512,"height":512,"caption":"Akor Clash"},"image":{"@id":"https:\/\/akor-clash.com\/#\/schema\/logo\/image\/"}}]}},"_links":{"self":[{"href":"https:\/\/akor-clash.com\/tr\/wp-json\/wp\/v2\/pages\/17394","targetHints":{"allow":["GET"]}}],"collection":[{"href":"https:\/\/akor-clash.com\/tr\/wp-json\/wp\/v2\/pages"}],"about":[{"href":"https:\/\/akor-clash.com\/tr\/wp-json\/wp\/v2\/types\/page"}],"author":[{"embeddable":true,"href":"https:\/\/akor-clash.com\/tr\/wp-json\/wp\/v2\/users\/1"}],"replies":[{"embeddable":true,"href":"https:\/\/akor-clash.com\/tr\/wp-json\/wp\/v2\/comments?post=17394"}],"version-history":[{"count":3,"href":"https:\/\/akor-clash.com\/tr\/wp-json\/wp\/v2\/pages\/17394\/revisions"}],"predecessor-version":[{"id":17447,"href":"https:\/\/akor-clash.com\/tr\/wp-json\/wp\/v2\/pages\/17394\/revisions\/17447"}],"wp:attachment":[{"href":"https:\/\/akor-clash.com\/tr\/wp-json\/wp\/v2\/media?parent=17394"}],"curies":[{"name":"wp","href":"https:\/\/api.w.org\/{rel}","templated":true}]}}