{"id":17392,"date":"2025-07-04T06:45:24","date_gmt":"2025-07-04T06:45:24","guid":{"rendered":"https:\/\/akor-clash.com\/cerez-politikasi\/"},"modified":"2026-01-12T12:49:04","modified_gmt":"2026-01-12T12:49:04","slug":"cerez-politikasi","status":"publish","type":"page","link":"https:\/\/akor-clash.com\/tr\/cerez-politikasi\/","title":{"rendered":"\u00c7erez Politikas\u0131"},"content":{"rendered":"\n<p>RAINBOW RITUALS LTD<\/p>\n\n\n\n<p>Y\u00fcr\u00fcrl\u00fck tarihi: 12 Ocak 2026<\/p>\n\n\n\n<p>1. Bu politika hakk\u0131nda<\/p>\n\n\n\n<p>Bu \u00c7erez Politikas\u0131, RAINBOW RITUALS LTD &#8216;in (&#8220;<strong>GLL<\/strong>&#8220;, &#8220;<strong>biz<\/strong>&#8220;, &#8220;<strong>bize<\/strong>&#8220;) web sitesinde \u00e7erezleri ve benzer teknolojileri nas\u0131l kulland\u0131\u011f\u0131n\u0131 a\u00e7\u0131klar <a href=\"https:\/\/akor-clash.com\/tr\/\"><strong>https:\/\/akor-clash.com<\/strong><\/a> (&#8220;<strong>Site<\/strong>&#8220;) ve taray\u0131c\u0131 tabanl\u0131 oyun <strong>Akor Clash<\/strong> (birlikte &#8220;<strong>Hizmetler<\/strong>&#8220;). Gizlilik Politikam\u0131z ve \u015eartlar ve Ko\u015fullar\u0131m\u0131z ile birlikte okunmal\u0131d\u0131r.<\/p>\n\n\n\n<p>Site 25 Haziran 2025 tarihinde g\u00f6zden ge\u00e7irilmi\u015ftir. O tarihte hi\u00e7bir \u00fc\u00e7\u00fcnc\u00fc taraf analiz etiketi veya pazarlama pikseli tespit edilmedi &#8211; yaln\u0131zca birinci taraf teknik komut dosyalar\u0131 mevcuttu . Bununla birlikte, Hizmetler geli\u015ftik\u00e7e kullan\u0131labilecek <strong>t\u00fcm<\/strong> \u00e7erez kategorileri hakk\u0131nda tam \u015feffafl\u0131k sa\u011fl\u0131yoruz.  <\/p>\n\n\n\n<p>2. Kurabiye nedir?<\/p>\n\n\n\n<p>\u00c7erezler, bir web sitesini ziyaret etti\u011finizde cihaz\u0131n\u0131zda depolanan k\u00fc\u00e7\u00fck metin dosyalar\u0131d\u0131r. Sitenin cihaz\u0131n\u0131z\u0131 tan\u0131mas\u0131n\u0131 ve tercihler veya oturum a\u00e7ma durumu gibi bilgileri hat\u0131rlamas\u0131n\u0131 sa\u011flarlar. JavaScript depolama, SDK&#8217;lar ve web i\u015faret\u00e7ileri benzer i\u015flevleri yerine getirir; bunlar\u0131n hepsine toplu olarak &#8220;\u00e7erezler&#8221; diyoruz.  <\/p>\n\n\n\n<p>3. \u00c7erezleri neden kullan\u0131yoruz<\/p>\n\n\n\n<p>\u00c7erezleri \u015fu ama\u00e7larla kullan\u0131yoruz:<\/p>\n\n\n\n<ol class=\"wp-block-list\">\n<li><strong>Temel i\u015flevsellik sa\u011flay\u0131n<\/strong> &#8211; oturumunuzu a\u00e7\u0131k tutun, sunucu trafi\u011fini dengeleyin, dil ayarlar\u0131n\u0131 hat\u0131rlay\u0131n.<\/li>\n\n\n\n<li><strong>Performans\u0131 \u00f6l\u00e7\u00fcn<\/strong> &#8211; ziyaret\u00e7ilerin sayfalarda nas\u0131l gezindi\u011fini anlay\u0131n ve kararl\u0131l\u0131\u011f\u0131 art\u0131r\u0131n.<\/li>\n\n\n\n<li><strong>Deneyimi ki\u015fiselle\u015ftirin<\/strong> &#8211; aray\u00fcz tercihlerini saklay\u0131n (\u00f6rn. oyun i\u00e7i ses seviyesi).<\/li>\n\n\n\n<li><strong>Pazarlama sunun<\/strong> &#8211; izin verirseniz ilgili g\u00fcncellemeleri veya promosyonlar\u0131 g\u00f6sterin.<\/li>\n<\/ol>\n\n\n\n<p>\u00c7erez-Onay Y\u00f6netim Platformumuz (&#8220;CMP&#8221;) arac\u0131l\u0131\u011f\u0131yla onay vermedi\u011finiz s\u00fcrece 2-4 ama\u00e7lar\u0131 i\u00e7in hi\u00e7bir \u00e7erez ayarlanmaz.<\/p>\n\n\n\n<p>4. \u00c7erez kategorileri<\/p>\n\n\n\n<figure class=\"wp-block-table\"><table class=\"has-fixed-layout\"><tbody><tr><td><strong>Kategori<\/strong><\/td><td><strong>\u0130zin al\u0131nmadan m\u0131 ayarland\u0131lar?<\/strong><\/td><td><strong>Tipik kullan\u0131m \u00f6mr\u00fc<\/strong><\/td><td><strong>\u00d6rnek \u00e7erezler*<\/strong><\/td><\/tr><tr><td><strong>Kesinlikle Gerekli<\/strong> &#8211; Sitenin ve oyunun \u00e7al\u0131\u015fmas\u0131n\u0131 sa\u011flamak (oturum y\u00f6netimi, g\u00fcvenlik, y\u00fck dengeleme).<\/td><td>Evet<\/td><td>Oturum-1 y\u0131l<\/td><td>sessionid, csrftoken, __cf_bm<\/td><\/tr><tr><td><strong>Tercihler \/ \u0130\u015flevsellik<\/strong> &#8211; dil veya ses seviyesi gibi ayarlar\u0131 hat\u0131rlay\u0131n.<\/td><td>Hay\u0131r<\/td><td>24 saat &#8211; 1 y\u0131l<\/td><td>locale, sound_level<\/td><\/tr><tr><td><strong>Analytics<\/strong> &#8211; toplu istatistikler toplar (\u00f6rne\u011fin, Google Analytics _ga, _gid).<\/td><td>Hay\u0131r<\/td><td>1 g\u00fcn &#8211; 24 ay<\/td><td>_ga, _gid, _gat<\/td><\/tr><tr><td><strong>Pazarlama \/ Sosyal-Medya<\/strong> &#8211; yeniden pazarlama veya sosyal payla\u015f\u0131m\u0131 destekleyin (\u00f6rn. Meta Pixel fbp).<\/td><td>Hay\u0131r<\/td><td>90 g\u00fcn &#8211; 2 y\u0131l<\/td><td>_fbp, fr<\/td><\/tr><\/tbody><\/table><\/figure>\n\n\n\n<p>*A\u00e7\u0131klay\u0131c\u0131 \u00e7erez adlar\u0131; canl\u0131 envanter CMP katman\u0131nda g\u00f6sterilir.<\/p>\n\n\n\n<p>5. Detayl\u0131 \u00e7erez listesi<\/p>\n\n\n\n<p>Sa\u011flay\u0131c\u0131, ama\u00e7, s\u00fcre ve t\u00fcr (birinci veya \u00fc\u00e7\u00fcnc\u00fc taraf) dahil olmak \u00fczere kullan\u0131lan \u00e7erezlerin ger\u00e7ek zamanl\u0131 listesi, Site altbilgisindeki <strong>&#8220;\u00c7erez Ayarlar\u0131&#8221;<\/strong> ba\u011flant\u0131s\u0131 arac\u0131l\u0131\u011f\u0131yla her zaman kullan\u0131labilir. \u00c7erezleri ekledi\u011fimizde, kald\u0131rd\u0131\u011f\u0131m\u0131zda veya yeniden adland\u0131rd\u0131\u011f\u0131m\u0131zda tablo otomatik olarak g\u00fcncellenir. <\/p>\n\n\n\n<p>6. Sizin se\u00e7imleriniz<\/p>\n\n\n\n<ul class=\"wp-block-list\">\n<li><strong>Ayr\u0131nt\u0131l\u0131 onay:<\/strong> \u0130lk ziyaretinizde bir CMP banner&#8217;\u0131 g\u00f6steriyoruz. <strong>T\u00fcm\u00fcn\u00fc Kabul<\/strong> Edebilir, <strong>T\u00fcm\u00fcn\u00fc Reddedebilir<\/strong> veya Kategorileri <strong>\u00d6zelle\u015ftirebilirsiniz<\/strong>. <\/li>\n\n\n\n<li><strong>Ayarlar\u0131 istedi\u011finiz zaman de\u011fi\u015ftirin:<\/strong> CMP&#8217;yi yeniden a\u00e7mak i\u00e7in altbilgideki veya oyun i\u00e7i ayarlardaki <strong>&#8220;\u00c7erez Ayarlar\u0131 &#8220;<\/strong> na t\u0131klay\u0131n.<\/li>\n\n\n\n<li><strong>Taray\u0131c\u0131 kontrolleri:<\/strong> \u00c7o\u011fu taray\u0131c\u0131 \u00e7erezleri silmenize veya engellemenize izin verir. Bunu yapmak, temel oynan\u0131\u015f\u0131 veya oturum a\u00e7ma kal\u0131c\u0131l\u0131\u011f\u0131n\u0131 bozabilir. <\/li>\n\n\n\n<li><strong>Takip Etme:<\/strong> Analitik ve pazarlama \u00e7erezlerini otomatik olarak devre d\u0131\u015f\u0131 b\u0131rakarak K\u00fcresel Gizlilik Kontrol\u00fc (GPC) sinyalini onurland\u0131r\u0131yoruz.<\/li>\n<\/ul>\n\n\n\n<p>7. Yasal dayanak ve saklama<\/p>\n\n\n\n<ul class=\"wp-block-list\">\n<li><strong>Kesinlikle gerekli \u00e7erezler<\/strong> &#8211; <strong>me\u015fru menfaat<\/strong> kapsam\u0131nda i\u015flenir (Birle\u015fik Krall\u0131k GDPR Md. 6(1)(f)), \u00e7\u00fcnk\u00fc Hizmetler onlar olmadan \u00e7al\u0131\u015famaz.<\/li>\n\n\n\n<li><strong>Di\u011fer t\u00fcm \u00e7erezler<\/strong> &#8211; yaln\u0131zca <strong>sizin izninizle<\/strong> i\u015flenir (Madde 6(1)(a)). <br>Saklama s\u00fcreleri \u00a7 4&#8217;teki tabloya g\u00f6re belirlenir veya onay\u0131n\u0131z\u0131 geri \u00e7ekerseniz veya taray\u0131c\u0131 belle\u011fini temizlerseniz daha k\u0131sa olur.<\/li>\n<\/ul>\n\n\n\n<p>8. \u00dc\u00e7\u00fcnc\u00fc \u00fclke transferleri<\/p>\n\n\n\n<p>Analiz veya pazarlama sa\u011flay\u0131c\u0131lar\u0131n\u0131n Birle\u015fik Krall\u0131k\/AEA d\u0131\u015f\u0131nda bulundu\u011fu durumlarda, verilerin korunmas\u0131 i\u00e7in <strong>AB Standart S\u00f6zle\u015fme Maddelerine Birle\u015fik Krall\u0131k Eki<\/strong> &#8216;ne veya bir yeterlilik karar\u0131na g\u00fcveniriz.<\/p>\n\n\n\n<p>9. Bu politikadaki g\u00fcncellemeler<\/p>\n\n\n\n<p>\u00d6rne\u011fin yeni \u00f6zellikler veya sa\u011flay\u0131c\u0131lar ekledi\u011fimizde bu politikay\u0131 revize edebiliriz. De\u011fi\u015fiklik \u00f6nemliyse, yeni \u00e7erezler etkinle\u015ftirilmeden <strong>en az 14 g\u00fcn \u00f6nce<\/strong> CMP banner&#8217;\u0131 veya oyun i\u00e7i bildirim yoluyla sizi bilgilendirece\u011fiz. <\/p>\n\n\n\n<p>10. \u0130leti\u015fim<\/p>\n\n\n\n<p>\u00c7erezler hakk\u0131nda sorular\u0131n\u0131z m\u0131 var?<br><strong>E-posta:<\/strong> info@akor-clash.com<br><strong>Posta:<\/strong> RAINBOW RITUALS LTD, 20 Wenlock Road, London, England, N1 7GU, United Kingdom.<\/p>\n\n\n\n<p><em>Son g\u00fcncelleme: 12 Ocak 2025<\/em><\/p>\n\n\n\n<style>.edgt-position-right .wp-block-button__link{\ncolor: black !important;\nborder: 1px solid black !important;\n}\nh3{\ncolor:#000;\n}\n.edgt-content p{\ncolor:#000 !important;\n}\n.edgt-content a{\ncolor:#000 !important;\n}\n.edgt-position-right .wp-block-button__link{\ncolor:#fff !important;\n}\n<\/style>\n","protected":false},"excerpt":{"rendered":"<p>RAINBOW RITUALS LTD Y\u00fcr\u00fcrl\u00fck tarihi: 12 Ocak 2026 1. Bu politika hakk\u0131nda Bu \u00c7erez Politikas\u0131, RAINBOW RITUALS LTD &#8216;in (&#8220;GLL&#8220;, &#8220;biz&#8220;, &#8220;bize&#8220;) web sitesinde \u00e7erezleri ve benzer teknolojileri nas\u0131l kulland\u0131\u011f\u0131n\u0131 a\u00e7\u0131klar https:\/\/akor-clash.com (&#8220;Site&#8220;) ve taray\u0131c\u0131 tabanl\u0131 oyun Akor Clash (birlikte &#8220;Hizmetler&#8220;). Gizlilik Politikam\u0131z ve \u015eartlar&#8230;<\/p>\n","protected":false},"author":1,"featured_media":0,"parent":0,"menu_order":-18,"comment_status":"closed","ping_status":"closed","template":"","meta":{"footnotes":""},"class_list":["post-17392","page","type-page","status-publish","hentry"],"yoast_head":"<!-- This site is optimized with the Yoast SEO plugin v25.4 - https:\/\/yoast.com\/wordpress\/plugins\/seo\/ -->\n<title>\u00c7erez Politikas\u0131 - Akor \u00c7at\u0131\u015fmas\u0131<\/title>\n<meta name=\"robots\" content=\"index, follow, max-snippet:-1, max-image-preview:large, max-video-preview:-1\" \/>\n<link rel=\"canonical\" href=\"https:\/\/akor-clash.com\/tr\/cerez-politikasi\/\" \/>\n<meta property=\"og:locale\" content=\"tr_TR\" \/>\n<meta property=\"og:type\" content=\"article\" \/>\n<meta property=\"og:title\" content=\"\u00c7erez Politikas\u0131 - Akor \u00c7at\u0131\u015fmas\u0131\" \/>\n<meta property=\"og:description\" content=\"RAINBOW RITUALS LTD Y\u00fcr\u00fcrl\u00fck tarihi: 12 Ocak 2026 1. Bu politika hakk\u0131nda Bu \u00c7erez Politikas\u0131, RAINBOW RITUALS LTD &#8216;in (&#8220;GLL&#8220;, &#8220;biz&#8220;, &#8220;bize&#8220;) web sitesinde \u00e7erezleri ve benzer teknolojileri nas\u0131l kulland\u0131\u011f\u0131n\u0131 a\u00e7\u0131klar https:\/\/akor-clash.com (&#8220;Site&#8220;) ve taray\u0131c\u0131 tabanl\u0131 oyun Akor Clash (birlikte &#8220;Hizmetler&#8220;). Gizlilik Politikam\u0131z ve \u015eartlar...\" \/>\n<meta property=\"og:url\" content=\"https:\/\/akor-clash.com\/tr\/cerez-politikasi\/\" \/>\n<meta property=\"og:site_name\" content=\"Akor \u00c7at\u0131\u015fmas\u0131\" \/>\n<meta property=\"article:modified_time\" content=\"2026-01-12T12:49:04+00:00\" \/>\n<meta name=\"twitter:card\" content=\"summary_large_image\" \/>\n<meta name=\"twitter:label1\" content=\"Tahmini okuma s\u00fcresi\" \/>\n\t<meta name=\"twitter:data1\" content=\"3 dakika\" \/>\n<script type=\"application\/ld+json\" class=\"yoast-schema-graph\">{\"@context\":\"https:\/\/schema.org\",\"@graph\":[{\"@type\":\"WebPage\",\"@id\":\"https:\/\/akor-clash.com\/tr\/cerez-politikasi\/\",\"url\":\"https:\/\/akor-clash.com\/tr\/cerez-politikasi\/\",\"name\":\"\u00c7erez Politikas\u0131 - Akor \u00c7at\u0131\u015fmas\u0131\",\"isPartOf\":{\"@id\":\"https:\/\/akor-clash.com\/#website\"},\"datePublished\":\"2025-07-04T06:45:24+00:00\",\"dateModified\":\"2026-01-12T12:49:04+00:00\",\"breadcrumb\":{\"@id\":\"https:\/\/akor-clash.com\/tr\/cerez-politikasi\/#breadcrumb\"},\"inLanguage\":\"tr\",\"potentialAction\":[{\"@type\":\"ReadAction\",\"target\":[\"https:\/\/akor-clash.com\/tr\/cerez-politikasi\/\"]}]},{\"@type\":\"BreadcrumbList\",\"@id\":\"https:\/\/akor-clash.com\/tr\/cerez-politikasi\/#breadcrumb\",\"itemListElement\":[{\"@type\":\"ListItem\",\"position\":1,\"name\":\"Home\",\"item\":\"https:\/\/akor-clash.com\/tr\/\"},{\"@type\":\"ListItem\",\"position\":2,\"name\":\"\u00c7erez Politikas\u0131\"}]},{\"@type\":\"WebSite\",\"@id\":\"https:\/\/akor-clash.com\/#website\",\"url\":\"https:\/\/akor-clash.com\/\",\"name\":\"Akor Clash\",\"description\":\"\",\"publisher\":{\"@id\":\"https:\/\/akor-clash.com\/#organization\"},\"potentialAction\":[{\"@type\":\"SearchAction\",\"target\":{\"@type\":\"EntryPoint\",\"urlTemplate\":\"https:\/\/akor-clash.com\/?s={search_term_string}\"},\"query-input\":{\"@type\":\"PropertyValueSpecification\",\"valueRequired\":true,\"valueName\":\"search_term_string\"}}],\"inLanguage\":\"tr\"},{\"@type\":\"Organization\",\"@id\":\"https:\/\/akor-clash.com\/#organization\",\"name\":\"Akor Clash\",\"url\":\"https:\/\/akor-clash.com\/\",\"logo\":{\"@type\":\"ImageObject\",\"inLanguage\":\"tr\",\"@id\":\"https:\/\/akor-clash.com\/#\/schema\/logo\/image\/\",\"url\":\"https:\/\/akor-clash.com\/wp-content\/uploads\/2025\/07\/cropped-logo-akor-clash.png\",\"contentUrl\":\"https:\/\/akor-clash.com\/wp-content\/uploads\/2025\/07\/cropped-logo-akor-clash.png\",\"width\":512,\"height\":512,\"caption\":\"Akor Clash\"},\"image\":{\"@id\":\"https:\/\/akor-clash.com\/#\/schema\/logo\/image\/\"}}]}<\/script>\n<!-- \/ Yoast SEO plugin. -->","yoast_head_json":{"title":"\u00c7erez Politikas\u0131 - Akor \u00c7at\u0131\u015fmas\u0131","robots":{"index":"index","follow":"follow","max-snippet":"max-snippet:-1","max-image-preview":"max-image-preview:large","max-video-preview":"max-video-preview:-1"},"canonical":"https:\/\/akor-clash.com\/tr\/cerez-politikasi\/","og_locale":"tr_TR","og_type":"article","og_title":"\u00c7erez Politikas\u0131 - Akor \u00c7at\u0131\u015fmas\u0131","og_description":"RAINBOW RITUALS LTD Y\u00fcr\u00fcrl\u00fck tarihi: 12 Ocak 2026 1. Bu politika hakk\u0131nda Bu \u00c7erez Politikas\u0131, RAINBOW RITUALS LTD &#8216;in (&#8220;GLL&#8220;, &#8220;biz&#8220;, &#8220;bize&#8220;) web sitesinde \u00e7erezleri ve benzer teknolojileri nas\u0131l kulland\u0131\u011f\u0131n\u0131 a\u00e7\u0131klar https:\/\/akor-clash.com (&#8220;Site&#8220;) ve taray\u0131c\u0131 tabanl\u0131 oyun Akor Clash (birlikte &#8220;Hizmetler&#8220;). Gizlilik Politikam\u0131z ve \u015eartlar...","og_url":"https:\/\/akor-clash.com\/tr\/cerez-politikasi\/","og_site_name":"Akor \u00c7at\u0131\u015fmas\u0131","article_modified_time":"2026-01-12T12:49:04+00:00","twitter_card":"summary_large_image","twitter_misc":{"Tahmini okuma s\u00fcresi":"3 dakika"},"schema":{"@context":"https:\/\/schema.org","@graph":[{"@type":"WebPage","@id":"https:\/\/akor-clash.com\/tr\/cerez-politikasi\/","url":"https:\/\/akor-clash.com\/tr\/cerez-politikasi\/","name":"\u00c7erez Politikas\u0131 - Akor \u00c7at\u0131\u015fmas\u0131","isPartOf":{"@id":"https:\/\/akor-clash.com\/#website"},"datePublished":"2025-07-04T06:45:24+00:00","dateModified":"2026-01-12T12:49:04+00:00","breadcrumb":{"@id":"https:\/\/akor-clash.com\/tr\/cerez-politikasi\/#breadcrumb"},"inLanguage":"tr","potentialAction":[{"@type":"ReadAction","target":["https:\/\/akor-clash.com\/tr\/cerez-politikasi\/"]}]},{"@type":"BreadcrumbList","@id":"https:\/\/akor-clash.com\/tr\/cerez-politikasi\/#breadcrumb","itemListElement":[{"@type":"ListItem","position":1,"name":"Home","item":"https:\/\/akor-clash.com\/tr\/"},{"@type":"ListItem","position":2,"name":"\u00c7erez Politikas\u0131"}]},{"@type":"WebSite","@id":"https:\/\/akor-clash.com\/#website","url":"https:\/\/akor-clash.com\/","name":"Akor Clash","description":"","publisher":{"@id":"https:\/\/akor-clash.com\/#organization"},"potentialAction":[{"@type":"SearchAction","target":{"@type":"EntryPoint","urlTemplate":"https:\/\/akor-clash.com\/?s={search_term_string}"},"query-input":{"@type":"PropertyValueSpecification","valueRequired":true,"valueName":"search_term_string"}}],"inLanguage":"tr"},{"@type":"Organization","@id":"https:\/\/akor-clash.com\/#organization","name":"Akor Clash","url":"https:\/\/akor-clash.com\/","logo":{"@type":"ImageObject","inLanguage":"tr","@id":"https:\/\/akor-clash.com\/#\/schema\/logo\/image\/","url":"https:\/\/akor-clash.com\/wp-content\/uploads\/2025\/07\/cropped-logo-akor-clash.png","contentUrl":"https:\/\/akor-clash.com\/wp-content\/uploads\/2025\/07\/cropped-logo-akor-clash.png","width":512,"height":512,"caption":"Akor Clash"},"image":{"@id":"https:\/\/akor-clash.com\/#\/schema\/logo\/image\/"}}]}},"_links":{"self":[{"href":"https:\/\/akor-clash.com\/tr\/wp-json\/wp\/v2\/pages\/17392","targetHints":{"allow":["GET"]}}],"collection":[{"href":"https:\/\/akor-clash.com\/tr\/wp-json\/wp\/v2\/pages"}],"about":[{"href":"https:\/\/akor-clash.com\/tr\/wp-json\/wp\/v2\/types\/page"}],"author":[{"embeddable":true,"href":"https:\/\/akor-clash.com\/tr\/wp-json\/wp\/v2\/users\/1"}],"replies":[{"embeddable":true,"href":"https:\/\/akor-clash.com\/tr\/wp-json\/wp\/v2\/comments?post=17392"}],"version-history":[{"count":4,"href":"https:\/\/akor-clash.com\/tr\/wp-json\/wp\/v2\/pages\/17392\/revisions"}],"predecessor-version":[{"id":17445,"href":"https:\/\/akor-clash.com\/tr\/wp-json\/wp\/v2\/pages\/17392\/revisions\/17445"}],"wp:attachment":[{"href":"https:\/\/akor-clash.com\/tr\/wp-json\/wp\/v2\/media?parent=17392"}],"curies":[{"name":"wp","href":"https:\/\/api.w.org\/{rel}","templated":true}]}}