{"id":17293,"date":"2016-08-11T12:49:34","date_gmt":"2016-08-11T12:49:34","guid":{"rendered":"https:\/\/akor-clash.com\/sss\/"},"modified":"2025-07-01T13:11:29","modified_gmt":"2025-07-01T13:11:29","slug":"sss","status":"publish","type":"page","link":"https:\/\/akor-clash.com\/tr\/sss\/","title":{"rendered":"SSS"},"content":{"rendered":"<section class=\"wpb-content-wrapper\"><p>[vc_row css=&#8221;.vc_custom_1751367636461{padding-bottom: 65px !important;background-image: url(https:\/\/akor-clash.com\/wp-content\/uploads\/2025\/07\/Guide_2-1.jpg?id=16743) !important;}&#8221;][vc_column][vc_row_inner content_width=&#8221;grid&#8221; css=&#8221;.vc_custom_1497270685913{padding-top: 70px !important;padding-bottom: 34px !important;}&#8221;][vc_column_inner]<div class=\"edgt-accordion-holder clearfix edgt-accordion edgt-initial edgt-light-skin \">\n\t<h4 class=\"clearfix edgt-title-holder\">\n<span class=\"edgt-accordion-mark edgt-left-mark\">\n\t\t<span class=\"edgt-accordion-mark-icon\">\n\t\t\t<span class=\"icon_plus\"><\/span>\n\t\t\t<span class=\"icon_minus-06\"><\/span>\n\t\t<\/span>\n<\/span>\n<span class=\"edgt-tab-title\">\n\t\t<span class=\"edgt-tab-title-inner\">\n\t\tAkor Clash Nedir?\t<\/span>\n<\/span>\n<\/h4>\n<div class=\"edgt-accordion-content\">\n\t<div class=\"edgt-accordion-content-inner\">\n\t\t[vc_column_text]<\/p>\n<p data-start=\"129\" data-end=\"368\"><em data-start=\"155\" data-end=\"167\">Akor Clash<\/em>, yarat\u0131c\u0131l\u0131\u011f\u0131n g\u00fc\u00e7 oldu\u011fu f\u00fct\u00fcristik bir evrende ge\u00e7en taray\u0131c\u0131 tabanl\u0131 bir performans sava\u015f\u00e7\u0131s\u0131d\u0131r. Oyuncular benzersiz sanat\u00e7\u0131lar olarak spot \u0131\u015f\u0131klar\u0131n\u0131n alt\u0131na \u00e7\u0131k\u0131yor ve neon arenalarda ritim dolu \u00e7at\u0131\u015fmalarda yar\u0131\u015f\u0131yor.<\/p>\n<p>[\/vc_column_text]\n\t\t\t<\/div>\n<\/div>\n<h4 class=\"clearfix edgt-title-holder\">\n<span class=\"edgt-accordion-mark edgt-left-mark\">\n\t\t<span class=\"edgt-accordion-mark-icon\">\n\t\t\t<span class=\"icon_plus\"><\/span>\n\t\t\t<span class=\"icon_minus-06\"><\/span>\n\t\t<\/span>\n<\/span>\n<span class=\"edgt-tab-title\">\n\t\t<span class=\"edgt-tab-title-inner\">\n\t\tAkor Clash oynamaya nas\u0131l ba\u015flar\u0131m?\t<\/span>\n<\/span>\n<\/h4>\n<div class=\"edgt-accordion-content\">\n\t<div class=\"edgt-accordion-content-inner\">\n\t\t[vc_column_text]Resmi web sitemizi ziyaret edin, bir hesap olu\u015fturun, ilk oyuncunuzu se\u00e7in ve antrenmanlara veya canl\u0131 ma\u00e7lara atlay\u0131n. Hi\u00e7bir indirme veya y\u00fckleme gerekmez.[\/vc_column_text]\n\t\t\t<\/div>\n<\/div>\n<h4 class=\"clearfix edgt-title-holder\">\n<span class=\"edgt-accordion-mark edgt-left-mark\">\n\t\t<span class=\"edgt-accordion-mark-icon\">\n\t\t\t<span class=\"icon_plus\"><\/span>\n\t\t\t<span class=\"icon_minus-06\"><\/span>\n\t\t<\/span>\n<\/span>\n<span class=\"edgt-tab-title\">\n\t\t<span class=\"edgt-tab-title-inner\">\n\t\tAkor Clash ile hangi web taray\u0131c\u0131lar\u0131 uyumludur?\t<\/span>\n<\/span>\n<\/h4>\n<div class=\"edgt-accordion-content\">\n\t<div class=\"edgt-accordion-content-inner\">\n\t\t[vc_column_text]<em data-start=\"644\" data-end=\"656\">Akor Clash<\/em> en iyi Chrome, Firefox, Edge ve Safari&#8217;nin en son s\u00fcr\u00fcmlerinde \u00e7al\u0131\u015f\u0131r. Optimum performans i\u00e7in taray\u0131c\u0131n\u0131z\u0131n g\u00fcncel oldu\u011fundan emin olun.[\/vc_column_text]\n\t\t\t<\/div>\n<\/div>\n<h4 class=\"clearfix edgt-title-holder\">\n<span class=\"edgt-accordion-mark edgt-left-mark\">\n\t\t<span class=\"edgt-accordion-mark-icon\">\n\t\t\t<span class=\"icon_plus\"><\/span>\n\t\t\t<span class=\"icon_minus-06\"><\/span>\n\t\t<\/span>\n<\/span>\n<span class=\"edgt-tab-title\">\n\t\t<span class=\"edgt-tab-title-inner\">\n\t\tOynamak i\u00e7in istikrarl\u0131 bir internet ba\u011flant\u0131s\u0131na ihtiya\u00e7 var m\u0131?\t<\/span>\n<\/span>\n<\/h4>\n<div class=\"edgt-accordion-content\">\n\t<div class=\"edgt-accordion-content-inner\">\n\t\t[vc_column_text]<\/p>\n<p data-start=\"797\" data-end=\"986\">Evet. Ma\u00e7lar ger\u00e7ek zamanl\u0131 olarak ger\u00e7ekle\u015fti\u011finden, performanslar\u0131n\u0131z\u0131 sorunsuz ve kesintisiz tutmak i\u00e7in sabit bir internet ba\u011flant\u0131s\u0131 gereklidir.<\/p>\n<p>[\/vc_column_text]\n\t\t\t<\/div>\n<\/div>\n<h4 class=\"clearfix edgt-title-holder\">\n<span class=\"edgt-accordion-mark edgt-left-mark\">\n\t\t<span class=\"edgt-accordion-mark-icon\">\n\t\t\t<span class=\"icon_plus\"><\/span>\n\t\t\t<span class=\"icon_minus-06\"><\/span>\n\t\t<\/span>\n<\/span>\n<span class=\"edgt-tab-title\">\n\t\t<span class=\"edgt-tab-title-inner\">\n\t\tAkor Clash&#039;\u0131 mobil cihazlar\u0131mda oynayabilir miyim?\t<\/span>\n<\/span>\n<\/h4>\n<div class=\"edgt-accordion-content\">\n\t<div class=\"edgt-accordion-content-inner\">\n\t\t[vc_column_text]<\/p>\n<p data-start=\"993\" data-end=\"1160\">Oyun \u015fu anda masa\u00fcst\u00fc taray\u0131c\u0131lar i\u00e7in optimize edilmi\u015ftir. Mobil versiyonu geli\u015ftirme a\u015famas\u0131ndad\u0131r &#8211; duyurular i\u00e7in bizi izlemeye devam edin.<\/p>\n<p>[\/vc_column_text]\n\t\t\t<\/div>\n<\/div>\n<h4 class=\"clearfix edgt-title-holder\">\n<span class=\"edgt-accordion-mark edgt-left-mark\">\n\t\t<span class=\"edgt-accordion-mark-icon\">\n\t\t\t<span class=\"icon_plus\"><\/span>\n\t\t\t<span class=\"icon_minus-06\"><\/span>\n\t\t<\/span>\n<\/span>\n<span class=\"edgt-tab-title\">\n\t\t<span class=\"edgt-tab-title-inner\">\n\t\tOyun i\u00e7i sat\u0131n al\u0131m var m\u0131?\t<\/span>\n<\/span>\n<\/h4>\n<div class=\"edgt-accordion-content\">\n\t<div class=\"edgt-accordion-content-inner\">\n\t\t[vc_column_text]<\/p>\n<p data-start=\"1167\" data-end=\"1361\">Evet. Oyuncular kozmetik e\u015fyalar, ifadeler ve ilerleme destekleri sat\u0131n alabilirler. Ancak t\u00fcm rekabet unsurlar\u0131, t\u00fcm oyuncular i\u00e7in adaleti sa\u011flamak \u00fczere dengelenmi\u015ftir.<\/p>\n<p>[\/vc_column_text]\n\t\t\t<\/div>\n<\/div>\n<h4 class=\"clearfix edgt-title-holder\">\n<span class=\"edgt-accordion-mark edgt-left-mark\">\n\t\t<span class=\"edgt-accordion-mark-icon\">\n\t\t\t<span class=\"icon_plus\"><\/span>\n\t\t\t<span class=\"icon_minus-06\"><\/span>\n\t\t<\/span>\n<\/span>\n<span class=\"edgt-tab-title\">\n\t\t<span class=\"edgt-tab-title-inner\">\n\t\tBir hatay\u0131 nas\u0131l bildirebilirim veya bir iyile\u015ftirme \u00f6nerisi sunabilirim?\t<\/span>\n<\/span>\n<\/h4>\n<div class=\"edgt-accordion-content\">\n\t<div class=\"edgt-accordion-content-inner\">\n\t\t[vc_column_text]<\/p>\n<p data-start=\"1368\" data-end=\"1554\">Oyun i\u00e7i geri bildirim arac\u0131n\u0131 kullanabilir veya destek sayfam\u0131z \u00fczerinden do\u011frudan bizimle ileti\u015fime ge\u00e7ebilirsiniz. Geli\u015ftirme ekibimiz t\u00fcm g\u00f6nderimleri aktif olarak izlemektedir.<\/p>\n<p>[\/vc_column_text]\n\t\t\t<\/div>\n<\/div>\n<h4 class=\"clearfix edgt-title-holder\">\n<span class=\"edgt-accordion-mark edgt-left-mark\">\n\t\t<span class=\"edgt-accordion-mark-icon\">\n\t\t\t<span class=\"icon_plus\"><\/span>\n\t\t\t<span class=\"icon_minus-06\"><\/span>\n\t\t<\/span>\n<\/span>\n<span class=\"edgt-tab-title\">\n\t\t<span class=\"edgt-tab-title-inner\">\n\t\tHesab\u0131m\u0131n g\u00fcvenli\u011fini nas\u0131l sa\u011flayabilirim?\t<\/span>\n<\/span>\n<\/h4>\n<div class=\"edgt-accordion-content\">\n\t<div class=\"edgt-accordion-content-inner\">\n\t\t[vc_column_text]<\/p>\n<p data-start=\"1561\" data-end=\"1758\">G\u00fc\u00e7l\u00fc, benzersiz bir parola kullan\u0131n. Oturum a\u00e7ma kimlik bilgilerinizi asla ba\u015fkalar\u0131yla payla\u015fmay\u0131n.<\/p>\n<p>[\/vc_column_text]\n\t\t\t<\/div>\n<\/div>\n<\/div>[\/vc_column_inner][\/vc_row_inner][\/vc_column][\/vc_row]<\/p>\n<\/section>","protected":false},"excerpt":{"rendered":"<p>[vc_row css=&#8221;.vc_custom_1751367636461{padding-bottom: 65px !important;background-image: url(https:\/\/akor-clash.com\/wp-content\/uploads\/2025\/07\/Guide_2-1.jpg?id=16743) !important;}&#8221;][vc_column][vc_row_inner content_width=&#8221;grid&#8221; css=&#8221;.vc_custom_1497270685913{padding-top: 70px !important;padding-bottom: 34px !important;}&#8221;][vc_column_inner][\/vc_column_inner][\/vc_row_inner][\/vc_column][\/vc_row]<\/p>\n","protected":false},"author":1,"featured_media":0,"parent":0,"menu_order":-20,"comment_status":"closed","ping_status":"closed","template":"full-width.php","meta":{"footnotes":""},"class_list":["post-17293","page","type-page","status-publish","hentry"],"yoast_head":"<!-- This site is optimized with the Yoast SEO plugin v25.4 - https:\/\/yoast.com\/wordpress\/plugins\/seo\/ -->\n<title>SSS - Akor \u00c7at\u0131\u015fmas\u0131<\/title>\n<meta name=\"robots\" content=\"index, follow, max-snippet:-1, max-image-preview:large, max-video-preview:-1\" \/>\n<link rel=\"canonical\" href=\"https:\/\/akor-clash.com\/accordions-toggles\/\" \/>\n<meta property=\"og:locale\" content=\"tr_TR\" \/>\n<meta property=\"og:type\" content=\"article\" \/>\n<meta property=\"og:title\" content=\"SSS - Akor \u00c7at\u0131\u015fmas\u0131\" \/>\n<meta property=\"og:description\" content=\"[vc_row css=&#8221;.vc_custom_1751367636461{padding-bottom: 65px !important;background-image: url(https:\/\/akor-clash.com\/wp-content\/uploads\/2025\/07\/Guide_2-1.jpg?id=16743) !important;}&#8221;][vc_column][vc_row_inner content_width=&#8221;grid&#8221; css=&#8221;.vc_custom_1497270685913{padding-top: 70px !important;padding-bottom: 34px !important;}&#8221;][vc_column_inner][\/vc_column_inner][\/vc_row_inner][\/vc_column][\/vc_row]\" \/>\n<meta property=\"og:url\" content=\"https:\/\/akor-clash.com\/accordions-toggles\/\" \/>\n<meta property=\"og:site_name\" content=\"Akor \u00c7at\u0131\u015fmas\u0131\" \/>\n<meta property=\"article:modified_time\" content=\"2025-07-01T13:11:29+00:00\" \/>\n<meta name=\"twitter:card\" content=\"summary_large_image\" \/>\n<meta name=\"twitter:label1\" content=\"Tahmini okuma s\u00fcresi\" \/>\n\t<meta name=\"twitter:data1\" content=\"3 dakika\" \/>\n<script type=\"application\/ld+json\" class=\"yoast-schema-graph\">{\"@context\":\"https:\/\/schema.org\",\"@graph\":[{\"@type\":\"WebPage\",\"@id\":\"https:\/\/akor-clash.com\/accordions-toggles\/\",\"url\":\"https:\/\/akor-clash.com\/accordions-toggles\/\",\"name\":\"SSS - Akor \u00c7at\u0131\u015fmas\u0131\",\"isPartOf\":{\"@id\":\"https:\/\/akor-clash.com\/#website\"},\"datePublished\":\"2016-08-11T12:49:34+00:00\",\"dateModified\":\"2025-07-01T13:11:29+00:00\",\"breadcrumb\":{\"@id\":\"https:\/\/akor-clash.com\/accordions-toggles\/#breadcrumb\"},\"inLanguage\":\"tr\",\"potentialAction\":[{\"@type\":\"ReadAction\",\"target\":[\"https:\/\/akor-clash.com\/accordions-toggles\/\"]}]},{\"@type\":\"BreadcrumbList\",\"@id\":\"https:\/\/akor-clash.com\/accordions-toggles\/#breadcrumb\",\"itemListElement\":[{\"@type\":\"ListItem\",\"position\":1,\"name\":\"Home\",\"item\":\"https:\/\/akor-clash.com\/tr\/\"},{\"@type\":\"ListItem\",\"position\":2,\"name\":\"SSS\"}]},{\"@type\":\"WebSite\",\"@id\":\"https:\/\/akor-clash.com\/#website\",\"url\":\"https:\/\/akor-clash.com\/\",\"name\":\"Akor Clash\",\"description\":\"\",\"publisher\":{\"@id\":\"https:\/\/akor-clash.com\/#organization\"},\"potentialAction\":[{\"@type\":\"SearchAction\",\"target\":{\"@type\":\"EntryPoint\",\"urlTemplate\":\"https:\/\/akor-clash.com\/?s={search_term_string}\"},\"query-input\":{\"@type\":\"PropertyValueSpecification\",\"valueRequired\":true,\"valueName\":\"search_term_string\"}}],\"inLanguage\":\"tr\"},{\"@type\":\"Organization\",\"@id\":\"https:\/\/akor-clash.com\/#organization\",\"name\":\"Akor Clash\",\"url\":\"https:\/\/akor-clash.com\/\",\"logo\":{\"@type\":\"ImageObject\",\"inLanguage\":\"tr\",\"@id\":\"https:\/\/akor-clash.com\/#\/schema\/logo\/image\/\",\"url\":\"https:\/\/akor-clash.com\/wp-content\/uploads\/2025\/07\/cropped-logo-akor-clash.png\",\"contentUrl\":\"https:\/\/akor-clash.com\/wp-content\/uploads\/2025\/07\/cropped-logo-akor-clash.png\",\"width\":512,\"height\":512,\"caption\":\"Akor Clash\"},\"image\":{\"@id\":\"https:\/\/akor-clash.com\/#\/schema\/logo\/image\/\"}}]}<\/script>\n<!-- \/ Yoast SEO plugin. -->","yoast_head_json":{"title":"SSS - Akor \u00c7at\u0131\u015fmas\u0131","robots":{"index":"index","follow":"follow","max-snippet":"max-snippet:-1","max-image-preview":"max-image-preview:large","max-video-preview":"max-video-preview:-1"},"canonical":"https:\/\/akor-clash.com\/accordions-toggles\/","og_locale":"tr_TR","og_type":"article","og_title":"SSS - Akor \u00c7at\u0131\u015fmas\u0131","og_description":"[vc_row css=&#8221;.vc_custom_1751367636461{padding-bottom: 65px !important;background-image: url(https:\/\/akor-clash.com\/wp-content\/uploads\/2025\/07\/Guide_2-1.jpg?id=16743) !important;}&#8221;][vc_column][vc_row_inner content_width=&#8221;grid&#8221; css=&#8221;.vc_custom_1497270685913{padding-top: 70px !important;padding-bottom: 34px !important;}&#8221;][vc_column_inner][\/vc_column_inner][\/vc_row_inner][\/vc_column][\/vc_row]","og_url":"https:\/\/akor-clash.com\/accordions-toggles\/","og_site_name":"Akor \u00c7at\u0131\u015fmas\u0131","article_modified_time":"2025-07-01T13:11:29+00:00","twitter_card":"summary_large_image","twitter_misc":{"Tahmini okuma s\u00fcresi":"3 dakika"},"schema":{"@context":"https:\/\/schema.org","@graph":[{"@type":"WebPage","@id":"https:\/\/akor-clash.com\/accordions-toggles\/","url":"https:\/\/akor-clash.com\/accordions-toggles\/","name":"SSS - Akor \u00c7at\u0131\u015fmas\u0131","isPartOf":{"@id":"https:\/\/akor-clash.com\/#website"},"datePublished":"2016-08-11T12:49:34+00:00","dateModified":"2025-07-01T13:11:29+00:00","breadcrumb":{"@id":"https:\/\/akor-clash.com\/accordions-toggles\/#breadcrumb"},"inLanguage":"tr","potentialAction":[{"@type":"ReadAction","target":["https:\/\/akor-clash.com\/accordions-toggles\/"]}]},{"@type":"BreadcrumbList","@id":"https:\/\/akor-clash.com\/accordions-toggles\/#breadcrumb","itemListElement":[{"@type":"ListItem","position":1,"name":"Home","item":"https:\/\/akor-clash.com\/tr\/"},{"@type":"ListItem","position":2,"name":"SSS"}]},{"@type":"WebSite","@id":"https:\/\/akor-clash.com\/#website","url":"https:\/\/akor-clash.com\/","name":"Akor Clash","description":"","publisher":{"@id":"https:\/\/akor-clash.com\/#organization"},"potentialAction":[{"@type":"SearchAction","target":{"@type":"EntryPoint","urlTemplate":"https:\/\/akor-clash.com\/?s={search_term_string}"},"query-input":{"@type":"PropertyValueSpecification","valueRequired":true,"valueName":"search_term_string"}}],"inLanguage":"tr"},{"@type":"Organization","@id":"https:\/\/akor-clash.com\/#organization","name":"Akor Clash","url":"https:\/\/akor-clash.com\/","logo":{"@type":"ImageObject","inLanguage":"tr","@id":"https:\/\/akor-clash.com\/#\/schema\/logo\/image\/","url":"https:\/\/akor-clash.com\/wp-content\/uploads\/2025\/07\/cropped-logo-akor-clash.png","contentUrl":"https:\/\/akor-clash.com\/wp-content\/uploads\/2025\/07\/cropped-logo-akor-clash.png","width":512,"height":512,"caption":"Akor Clash"},"image":{"@id":"https:\/\/akor-clash.com\/#\/schema\/logo\/image\/"}}]}},"_links":{"self":[{"href":"https:\/\/akor-clash.com\/tr\/wp-json\/wp\/v2\/pages\/17293","targetHints":{"allow":["GET"]}}],"collection":[{"href":"https:\/\/akor-clash.com\/tr\/wp-json\/wp\/v2\/pages"}],"about":[{"href":"https:\/\/akor-clash.com\/tr\/wp-json\/wp\/v2\/types\/page"}],"author":[{"embeddable":true,"href":"https:\/\/akor-clash.com\/tr\/wp-json\/wp\/v2\/users\/1"}],"replies":[{"embeddable":true,"href":"https:\/\/akor-clash.com\/tr\/wp-json\/wp\/v2\/comments?post=17293"}],"version-history":[{"count":4,"href":"https:\/\/akor-clash.com\/tr\/wp-json\/wp\/v2\/pages\/17293\/revisions"}],"predecessor-version":[{"id":17347,"href":"https:\/\/akor-clash.com\/tr\/wp-json\/wp\/v2\/pages\/17293\/revisions\/17347"}],"wp:attachment":[{"href":"https:\/\/akor-clash.com\/tr\/wp-json\/wp\/v2\/media?parent=17293"}],"curies":[{"name":"wp","href":"https:\/\/api.w.org\/{rel}","templated":true}]}}