{"id":17288,"date":"2016-10-24T15:35:53","date_gmt":"2016-10-24T15:35:53","guid":{"rendered":"https:\/\/akor-clash.com\/resim-galerisi\/"},"modified":"2025-07-01T16:22:13","modified_gmt":"2025-07-01T16:22:13","slug":"resim-galerisi","status":"publish","type":"page","link":"https:\/\/akor-clash.com\/tr\/resim-galerisi\/","title":{"rendered":"Resim Galerisi"},"content":{"rendered":"<section class=\"wpb-content-wrapper\"><p>[vc_row content_width=&#8221;grid&#8221; css=&#8221;.vc_custom_1751368216832{padding-top: 100px !important;padding-bottom: 100px !important;}&#8221;][vc_column width=&#8221;1\/2&#8243;]<div class=\"edgt-image-gallery\">\n\t<div class=\"edgt-image-gallery-slider\" data-autoplay=\"3\" data-arrows=\"yes\" data-dots=\"no\">\n\t\t\t\t\t<div class=\"edgt-image-gallery-item\">\n\t\t\t\t\t\t\t\t\t\t\t\t\t\t\t\t\t\t\t\t<img loading=\"lazy\" decoding=\"async\" src=\"https:\/\/akor-clash.com\/wp-content\/uploads\/2025\/07\/sign-1-1100x600.png\" alt=\"\" width=\"1100\" height=\"600\" \/>\t\t\t\t\t\t\t\t\t\t\t\t\t\t\t\t\t<\/div>\n\t\t\t\t\t<div class=\"edgt-image-gallery-item\">\n\t\t\t\t\t\t\t\t\t\t\t\t\t\t\t\t\t\t\t\t<img loading=\"lazy\" decoding=\"async\" src=\"https:\/\/akor-clash.com\/wp-content\/uploads\/2025\/07\/task-1-1100x600.png\" alt=\"\" width=\"1100\" height=\"600\" \/>\t\t\t\t\t\t\t\t\t\t\t\t\t\t\t\t\t<\/div>\n\t\t\t\t\t<div class=\"edgt-image-gallery-item\">\n\t\t\t\t\t\t\t\t\t\t\t\t\t\t\t\t\t\t\t\t<img loading=\"lazy\" decoding=\"async\" src=\"https:\/\/akor-clash.com\/wp-content\/uploads\/2025\/07\/shop-1-1100x600.png\" alt=\"\" width=\"1100\" height=\"600\" \/>\t\t\t\t\t\t\t\t\t\t\t\t\t\t\t\t\t<\/div>\n\t\t\t\t\t<div class=\"edgt-image-gallery-item\">\n\t\t\t\t\t\t\t\t\t\t\t\t\t\t\t\t\t\t\t\t<img loading=\"lazy\" decoding=\"async\" src=\"https:\/\/akor-clash.com\/wp-content\/uploads\/2025\/07\/snapedit_1751365564067-1100x600.jpeg\" alt=\"\" width=\"1100\" height=\"600\" \/>\t\t\t\t\t\t\t\t\t\t\t\t\t\t\t\t\t<\/div>\n\t\t\t\t\t<div class=\"edgt-image-gallery-item\">\n\t\t\t\t\t\t\t\t\t\t\t\t\t\t\t\t\t\t\t\t<img loading=\"lazy\" decoding=\"async\" src=\"https:\/\/akor-clash.com\/wp-content\/uploads\/2025\/07\/setting-1-1100x600.png\" alt=\"\" width=\"1100\" height=\"600\" \/>\t\t\t\t\t\t\t\t\t\t\t\t\t\t\t\t\t<\/div>\n\t\t\t<\/div>\n<\/div>[\/vc_column][vc_column width=&#8221;1\/2&#8243;]<div class=\"edgt-image-gallery\">\n\t<div class=\"edgt-image-gallery-slider\" data-autoplay=\"3\" data-arrows=\"yes\" data-dots=\"no\">\n\t\t\t\t\t<div class=\"edgt-image-gallery-item\">\n\t\t\t\t\t\t\t\t\t\t\t\t\t\t\t\t\t\t\t\t<img loading=\"lazy\" decoding=\"async\" src=\"https:\/\/akor-clash.com\/wp-content\/uploads\/2025\/07\/green-1-1100x600.png\" alt=\"\" width=\"1100\" height=\"600\" \/>\t\t\t\t\t\t\t\t\t\t\t\t\t\t\t\t\t<\/div>\n\t\t\t\t\t<div class=\"edgt-image-gallery-item\">\n\t\t\t\t\t\t\t\t\t\t\t\t\t\t\t\t\t\t\t\t<img loading=\"lazy\" decoding=\"async\" src=\"https:\/\/akor-clash.com\/wp-content\/uploads\/2025\/07\/lilac-1-1100x600.png\" alt=\"\" width=\"1100\" height=\"600\" \/>\t\t\t\t\t\t\t\t\t\t\t\t\t\t\t\t\t<\/div>\n\t\t\t\t\t<div class=\"edgt-image-gallery-item\">\n\t\t\t\t\t\t\t\t\t\t\t\t\t\t\t\t\t\t\t\t<img loading=\"lazy\" decoding=\"async\" src=\"https:\/\/akor-clash.com\/wp-content\/uploads\/2025\/07\/white-1-1100x600.png\" alt=\"\" width=\"1100\" height=\"600\" \/>\t\t\t\t\t\t\t\t\t\t\t\t\t\t\t\t\t<\/div>\n\t\t\t\t\t<div class=\"edgt-image-gallery-item\">\n\t\t\t\t\t\t\t\t\t\t\t\t\t\t\t\t\t\t\t\t<img loading=\"lazy\" decoding=\"async\" src=\"https:\/\/akor-clash.com\/wp-content\/uploads\/2025\/07\/red-1-1100x600.png\" alt=\"\" width=\"1100\" height=\"600\" \/>\t\t\t\t\t\t\t\t\t\t\t\t\t\t\t\t\t<\/div>\n\t\t\t<\/div>\n<\/div>[\/vc_column][\/vc_row][vc_row content_width=&#8221;grid&#8221; css=&#8221;.vc_custom_1751368213025{padding-bottom: 100px !important;}&#8221;][vc_column width=&#8221;1\/2&#8243;]<div class=\"edgt-image-gallery\">\n\t<div class=\"edgt-image-gallery-slider\" data-autoplay=\"3\" data-arrows=\"yes\" data-dots=\"no\">\n\t\t\t\t\t<div class=\"edgt-image-gallery-item\">\n\t\t\t\t\t\t\t\t\t\t\t\t\t\t\t\t\t\t\t\t<img loading=\"lazy\" decoding=\"async\" src=\"https:\/\/akor-clash.com\/wp-content\/uploads\/2025\/07\/cover-1100x600.jpg\" alt=\"\" width=\"1100\" height=\"600\" \/>\t\t\t\t\t\t\t\t\t\t\t\t\t\t\t\t\t<\/div>\n\t\t\t\t\t<div class=\"edgt-image-gallery-item\">\n\t\t\t\t\t\t\t\t\t\t\t\t\t\t\t\t\t\t\t\t<img loading=\"lazy\" decoding=\"async\" src=\"https:\/\/akor-clash.com\/wp-content\/uploads\/2025\/07\/\u0417\u043d\u0456\u043c\u043e\u043a-\u0435\u043a\u0440\u0430\u043d\u0430-2025-07-01-\u043e-13.36.31-scaled-1100x600.jpg\" alt=\"\" width=\"1100\" height=\"600\" \/>\t\t\t\t\t\t\t\t\t\t\t\t\t\t\t\t\t<\/div>\n\t\t\t\t\t<div class=\"edgt-image-gallery-item\">\n\t\t\t\t\t\t\t\t\t\t\t\t\t\t\t\t\t\t\t\t<img loading=\"lazy\" decoding=\"async\" src=\"https:\/\/akor-clash.com\/wp-content\/uploads\/2025\/07\/\u0417\u043d\u0456\u043c\u043e\u043a-\u0435\u043a\u0440\u0430\u043d\u0430-2025-07-01-\u043e-13.37.01-scaled-1100x600.jpg\" alt=\"\" width=\"1100\" height=\"600\" \/>\t\t\t\t\t\t\t\t\t\t\t\t\t\t\t\t\t<\/div>\n\t\t\t<\/div>\n<\/div>[\/vc_column][vc_column width=&#8221;1\/2&#8243;]<div class=\"edgt-image-gallery\">\n\t<div class=\"edgt-image-gallery-slider\" data-autoplay=\"3\" data-arrows=\"yes\" data-dots=\"no\">\n\t\t\t\t\t<div class=\"edgt-image-gallery-item\">\n\t\t\t\t\t\t\t\t\t\t\t\t\t\t\t\t\t\t\t\t<img loading=\"lazy\" decoding=\"async\" src=\"https:\/\/akor-clash.com\/wp-content\/uploads\/2025\/07\/13-1100x600.png\" alt=\"\" width=\"1100\" height=\"600\" \/>\t\t\t\t\t\t\t\t\t\t\t\t\t\t\t\t\t<\/div>\n\t\t\t\t\t<div class=\"edgt-image-gallery-item\">\n\t\t\t\t\t\t\t\t\t\t\t\t\t\t\t\t\t\t\t\t<img loading=\"lazy\" decoding=\"async\" src=\"https:\/\/akor-clash.com\/wp-content\/uploads\/2025\/07\/1-1100x600.png\" alt=\"\" width=\"1100\" height=\"600\" \/>\t\t\t\t\t\t\t\t\t\t\t\t\t\t\t\t\t<\/div>\n\t\t\t\t\t<div class=\"edgt-image-gallery-item\">\n\t\t\t\t\t\t\t\t\t\t\t\t\t\t\t\t\t\t\t\t<img loading=\"lazy\" decoding=\"async\" src=\"https:\/\/akor-clash.com\/wp-content\/uploads\/2025\/07\/3-1100x600.png\" alt=\"\" width=\"1100\" height=\"600\" \/>\t\t\t\t\t\t\t\t\t\t\t\t\t\t\t\t\t<\/div>\n\t\t\t\t\t<div class=\"edgt-image-gallery-item\">\n\t\t\t\t\t\t\t\t\t\t\t\t\t\t\t\t\t\t\t\t<img loading=\"lazy\" decoding=\"async\" src=\"https:\/\/akor-clash.com\/wp-content\/uploads\/2025\/07\/4-1100x600.png\" alt=\"\" width=\"1100\" height=\"600\" \/>\t\t\t\t\t\t\t\t\t\t\t\t\t\t\t\t\t<\/div>\n\t\t\t\t\t<div class=\"edgt-image-gallery-item\">\n\t\t\t\t\t\t\t\t\t\t\t\t\t\t\t\t\t\t\t\t<img loading=\"lazy\" decoding=\"async\" src=\"https:\/\/akor-clash.com\/wp-content\/uploads\/2025\/07\/6-1100x600.png\" alt=\"\" width=\"1100\" height=\"600\" \/>\t\t\t\t\t\t\t\t\t\t\t\t\t\t\t\t\t<\/div>\n\t\t\t\t\t<div class=\"edgt-image-gallery-item\">\n\t\t\t\t\t\t\t\t\t\t\t\t\t\t\t\t\t\t\t\t<img loading=\"lazy\" decoding=\"async\" src=\"https:\/\/akor-clash.com\/wp-content\/uploads\/2025\/07\/8-1100x600.png\" alt=\"\" width=\"1100\" height=\"600\" \/>\t\t\t\t\t\t\t\t\t\t\t\t\t\t\t\t\t<\/div>\n\t\t\t\t\t<div class=\"edgt-image-gallery-item\">\n\t\t\t\t\t\t\t\t\t\t\t\t\t\t\t\t\t\t\t\t<img loading=\"lazy\" decoding=\"async\" src=\"https:\/\/akor-clash.com\/wp-content\/uploads\/2025\/07\/9-1100x600.png\" alt=\"\" width=\"1100\" height=\"600\" \/>\t\t\t\t\t\t\t\t\t\t\t\t\t\t\t\t\t<\/div>\n\t\t\t\t\t<div class=\"edgt-image-gallery-item\">\n\t\t\t\t\t\t\t\t\t\t\t\t\t\t\t\t\t\t\t\t<img loading=\"lazy\" decoding=\"async\" src=\"https:\/\/akor-clash.com\/wp-content\/uploads\/2025\/07\/10-1100x600.png\" alt=\"\" width=\"1100\" height=\"600\" \/>\t\t\t\t\t\t\t\t\t\t\t\t\t\t\t\t\t<\/div>\n\t\t\t\t\t<div class=\"edgt-image-gallery-item\">\n\t\t\t\t\t\t\t\t\t\t\t\t\t\t\t\t\t\t\t\t<img loading=\"lazy\" decoding=\"async\" src=\"https:\/\/akor-clash.com\/wp-content\/uploads\/2025\/07\/11-1100x600.png\" alt=\"\" width=\"1100\" height=\"600\" \/>\t\t\t\t\t\t\t\t\t\t\t\t\t\t\t\t\t<\/div>\n\t\t\t\t\t<div class=\"edgt-image-gallery-item\">\n\t\t\t\t\t\t\t\t\t\t\t\t\t\t\t\t\t\t\t\t<img loading=\"lazy\" decoding=\"async\" src=\"https:\/\/akor-clash.com\/wp-content\/uploads\/2025\/07\/12-1100x600.png\" alt=\"\" width=\"1100\" height=\"600\" \/>\t\t\t\t\t\t\t\t\t\t\t\t\t\t\t\t\t<\/div>\n\t\t\t<\/div>\n<\/div>[\/vc_column][\/vc_row]<\/p>\n<\/section>","protected":false},"excerpt":{"rendered":"<p>[vc_row content_width=&#8221;grid&#8221; css=&#8221;.vc_custom_1751368216832{padding-top: 100px !important;padding-bottom: 100px !important;}&#8221;][vc_column width=&#8221;1\/2&#8243;][\/vc_column][vc_column width=&#8221;1\/2&#8243;][\/vc_column][\/vc_row][vc_row content_width=&#8221;grid&#8221; css=&#8221;.vc_custom_1751368213025{padding-bottom: 100px !important;}&#8221;][vc_column width=&#8221;1\/2&#8243;][\/vc_column][vc_column width=&#8221;1\/2&#8243;][\/vc_column][\/vc_row]<\/p>\n","protected":false},"author":1,"featured_media":0,"parent":0,"menu_order":-25,"comment_status":"closed","ping_status":"closed","template":"full-width.php","meta":{"footnotes":""},"class_list":["post-17288","page","type-page","status-publish","hentry"],"yoast_head":"<!-- This site is optimized with the Yoast SEO plugin v25.4 - https:\/\/yoast.com\/wordpress\/plugins\/seo\/ -->\n<title>Resim Galerisi - Akor \u00c7at\u0131\u015fmas\u0131<\/title>\n<meta name=\"robots\" content=\"index, follow, max-snippet:-1, max-image-preview:large, max-video-preview:-1\" \/>\n<link rel=\"canonical\" href=\"https:\/\/akor-clash.com\/image-gallery\/\" \/>\n<meta property=\"og:locale\" content=\"tr_TR\" \/>\n<meta property=\"og:type\" content=\"article\" \/>\n<meta property=\"og:title\" content=\"Resim Galerisi - Akor \u00c7at\u0131\u015fmas\u0131\" \/>\n<meta property=\"og:description\" content=\"[vc_row content_width=&#8221;grid&#8221; css=&#8221;.vc_custom_1751368216832{padding-top: 100px !important;padding-bottom: 100px !important;}&#8221;][vc_column width=&#8221;1\/2&#8243;][\/vc_column][vc_column width=&#8221;1\/2&#8243;][\/vc_column][\/vc_row][vc_row content_width=&#8221;grid&#8221; css=&#8221;.vc_custom_1751368213025{padding-bottom: 100px !important;}&#8221;][vc_column width=&#8221;1\/2&#8243;][\/vc_column][vc_column width=&#8221;1\/2&#8243;][\/vc_column][\/vc_row]\" \/>\n<meta property=\"og:url\" content=\"https:\/\/akor-clash.com\/image-gallery\/\" \/>\n<meta property=\"og:site_name\" content=\"Akor \u00c7at\u0131\u015fmas\u0131\" \/>\n<meta property=\"article:modified_time\" content=\"2025-07-01T16:22:13+00:00\" \/>\n<meta name=\"twitter:card\" content=\"summary_large_image\" \/>\n<meta name=\"twitter:label1\" content=\"Tahmini okuma s\u00fcresi\" \/>\n\t<meta name=\"twitter:data1\" content=\"1 dakika\" \/>\n<script type=\"application\/ld+json\" class=\"yoast-schema-graph\">{\"@context\":\"https:\/\/schema.org\",\"@graph\":[{\"@type\":\"WebPage\",\"@id\":\"https:\/\/akor-clash.com\/image-gallery\/\",\"url\":\"https:\/\/akor-clash.com\/image-gallery\/\",\"name\":\"Resim Galerisi - Akor \u00c7at\u0131\u015fmas\u0131\",\"isPartOf\":{\"@id\":\"https:\/\/akor-clash.com\/#website\"},\"datePublished\":\"2016-10-24T15:35:53+00:00\",\"dateModified\":\"2025-07-01T16:22:13+00:00\",\"breadcrumb\":{\"@id\":\"https:\/\/akor-clash.com\/image-gallery\/#breadcrumb\"},\"inLanguage\":\"tr\",\"potentialAction\":[{\"@type\":\"ReadAction\",\"target\":[\"https:\/\/akor-clash.com\/image-gallery\/\"]}]},{\"@type\":\"BreadcrumbList\",\"@id\":\"https:\/\/akor-clash.com\/image-gallery\/#breadcrumb\",\"itemListElement\":[{\"@type\":\"ListItem\",\"position\":1,\"name\":\"Home\",\"item\":\"https:\/\/akor-clash.com\/tr\/\"},{\"@type\":\"ListItem\",\"position\":2,\"name\":\"Resim Galerisi\"}]},{\"@type\":\"WebSite\",\"@id\":\"https:\/\/akor-clash.com\/#website\",\"url\":\"https:\/\/akor-clash.com\/\",\"name\":\"Akor Clash\",\"description\":\"\",\"publisher\":{\"@id\":\"https:\/\/akor-clash.com\/#organization\"},\"potentialAction\":[{\"@type\":\"SearchAction\",\"target\":{\"@type\":\"EntryPoint\",\"urlTemplate\":\"https:\/\/akor-clash.com\/?s={search_term_string}\"},\"query-input\":{\"@type\":\"PropertyValueSpecification\",\"valueRequired\":true,\"valueName\":\"search_term_string\"}}],\"inLanguage\":\"tr\"},{\"@type\":\"Organization\",\"@id\":\"https:\/\/akor-clash.com\/#organization\",\"name\":\"Akor Clash\",\"url\":\"https:\/\/akor-clash.com\/\",\"logo\":{\"@type\":\"ImageObject\",\"inLanguage\":\"tr\",\"@id\":\"https:\/\/akor-clash.com\/#\/schema\/logo\/image\/\",\"url\":\"https:\/\/akor-clash.com\/wp-content\/uploads\/2025\/07\/cropped-logo-akor-clash.png\",\"contentUrl\":\"https:\/\/akor-clash.com\/wp-content\/uploads\/2025\/07\/cropped-logo-akor-clash.png\",\"width\":512,\"height\":512,\"caption\":\"Akor Clash\"},\"image\":{\"@id\":\"https:\/\/akor-clash.com\/#\/schema\/logo\/image\/\"}}]}<\/script>\n<!-- \/ Yoast SEO plugin. -->","yoast_head_json":{"title":"Resim Galerisi - Akor \u00c7at\u0131\u015fmas\u0131","robots":{"index":"index","follow":"follow","max-snippet":"max-snippet:-1","max-image-preview":"max-image-preview:large","max-video-preview":"max-video-preview:-1"},"canonical":"https:\/\/akor-clash.com\/image-gallery\/","og_locale":"tr_TR","og_type":"article","og_title":"Resim Galerisi - Akor \u00c7at\u0131\u015fmas\u0131","og_description":"[vc_row content_width=&#8221;grid&#8221; css=&#8221;.vc_custom_1751368216832{padding-top: 100px !important;padding-bottom: 100px !important;}&#8221;][vc_column width=&#8221;1\/2&#8243;][\/vc_column][vc_column width=&#8221;1\/2&#8243;][\/vc_column][\/vc_row][vc_row content_width=&#8221;grid&#8221; css=&#8221;.vc_custom_1751368213025{padding-bottom: 100px !important;}&#8221;][vc_column width=&#8221;1\/2&#8243;][\/vc_column][vc_column width=&#8221;1\/2&#8243;][\/vc_column][\/vc_row]","og_url":"https:\/\/akor-clash.com\/image-gallery\/","og_site_name":"Akor \u00c7at\u0131\u015fmas\u0131","article_modified_time":"2025-07-01T16:22:13+00:00","twitter_card":"summary_large_image","twitter_misc":{"Tahmini okuma s\u00fcresi":"1 dakika"},"schema":{"@context":"https:\/\/schema.org","@graph":[{"@type":"WebPage","@id":"https:\/\/akor-clash.com\/image-gallery\/","url":"https:\/\/akor-clash.com\/image-gallery\/","name":"Resim Galerisi - Akor \u00c7at\u0131\u015fmas\u0131","isPartOf":{"@id":"https:\/\/akor-clash.com\/#website"},"datePublished":"2016-10-24T15:35:53+00:00","dateModified":"2025-07-01T16:22:13+00:00","breadcrumb":{"@id":"https:\/\/akor-clash.com\/image-gallery\/#breadcrumb"},"inLanguage":"tr","potentialAction":[{"@type":"ReadAction","target":["https:\/\/akor-clash.com\/image-gallery\/"]}]},{"@type":"BreadcrumbList","@id":"https:\/\/akor-clash.com\/image-gallery\/#breadcrumb","itemListElement":[{"@type":"ListItem","position":1,"name":"Home","item":"https:\/\/akor-clash.com\/tr\/"},{"@type":"ListItem","position":2,"name":"Resim Galerisi"}]},{"@type":"WebSite","@id":"https:\/\/akor-clash.com\/#website","url":"https:\/\/akor-clash.com\/","name":"Akor Clash","description":"","publisher":{"@id":"https:\/\/akor-clash.com\/#organization"},"potentialAction":[{"@type":"SearchAction","target":{"@type":"EntryPoint","urlTemplate":"https:\/\/akor-clash.com\/?s={search_term_string}"},"query-input":{"@type":"PropertyValueSpecification","valueRequired":true,"valueName":"search_term_string"}}],"inLanguage":"tr"},{"@type":"Organization","@id":"https:\/\/akor-clash.com\/#organization","name":"Akor Clash","url":"https:\/\/akor-clash.com\/","logo":{"@type":"ImageObject","inLanguage":"tr","@id":"https:\/\/akor-clash.com\/#\/schema\/logo\/image\/","url":"https:\/\/akor-clash.com\/wp-content\/uploads\/2025\/07\/cropped-logo-akor-clash.png","contentUrl":"https:\/\/akor-clash.com\/wp-content\/uploads\/2025\/07\/cropped-logo-akor-clash.png","width":512,"height":512,"caption":"Akor Clash"},"image":{"@id":"https:\/\/akor-clash.com\/#\/schema\/logo\/image\/"}}]}},"_links":{"self":[{"href":"https:\/\/akor-clash.com\/tr\/wp-json\/wp\/v2\/pages\/17288","targetHints":{"allow":["GET"]}}],"collection":[{"href":"https:\/\/akor-clash.com\/tr\/wp-json\/wp\/v2\/pages"}],"about":[{"href":"https:\/\/akor-clash.com\/tr\/wp-json\/wp\/v2\/types\/page"}],"author":[{"embeddable":true,"href":"https:\/\/akor-clash.com\/tr\/wp-json\/wp\/v2\/users\/1"}],"replies":[{"embeddable":true,"href":"https:\/\/akor-clash.com\/tr\/wp-json\/wp\/v2\/comments?post=17288"}],"version-history":[{"count":3,"href":"https:\/\/akor-clash.com\/tr\/wp-json\/wp\/v2\/pages\/17288\/revisions"}],"predecessor-version":[{"id":17382,"href":"https:\/\/akor-clash.com\/tr\/wp-json\/wp\/v2\/pages\/17288\/revisions\/17382"}],"wp:attachment":[{"href":"https:\/\/akor-clash.com\/tr\/wp-json\/wp\/v2\/media?parent=17288"}],"curies":[{"name":"wp","href":"https:\/\/api.w.org\/{rel}","templated":true}]}}