{"id":17276,"date":"2017-06-08T09:33:54","date_gmt":"2017-06-08T09:33:54","guid":{"rendered":"https:\/\/akor-clash.com\/hakkimizda\/"},"modified":"2025-07-01T13:06:42","modified_gmt":"2025-07-01T13:06:42","slug":"hakkimizda","status":"publish","type":"page","link":"https:\/\/akor-clash.com\/tr\/hakkimizda\/","title":{"rendered":"Hakk\u0131m\u0131zda"},"content":{"rendered":"<section class=\"wpb-content-wrapper\"><p>[vc_row row_type=&#8221;parallax&#8221; content_aligment=&#8221;center&#8221; full_screen_section_height=&#8221;no&#8221; parallax_background_image=&#8221;16727&#8243;][vc_column]<div class=\"edgt-elements-holder edgt-responsive-mode-768\" ><div class=\"edgt-elements-holder-item edgt-width-1-1 edgt-vertical-alignment-middle edgt-horizontal-alignment-center\" data-item-class=\"edgt-elements-holder-custom-875358\" data-1024-1280=\"20.8% 0 20.8% 0\" data-768-1024=\"12% 0 14% 0\" >\n\t<div class=\"edgt-elements-holder-item-inner\">\n\t\t<div\n\t\t\tclass=\"edgt-elements-holder-item-content edgt-elements-holder-custom-875358\" style=\"padding: 14% 0 14% 0\">\n\t\t\t<div class=\"edgt-elements-holder-item-content-inner\">\n\t\t\t\t[vc_column_text]<\/p>\n<h1><span style=\"color: #ffffff;\">HAKKIMIZDA<\/span><\/h1>\n<p>[\/vc_column_text]\t\t\t<\/div>\n\t\t<\/div>\n\t<\/div>\n<\/div><\/div>[\/vc_column][\/vc_row][vc_row css=&#8221;.vc_custom_1751367228264{padding-top: 43px !important;padding-bottom: 38px !important;background-image: url(https:\/\/akor-clash.com\/wp-content\/uploads\/2025\/07\/Guide_2-1.jpg?id=16743) !important;}&#8221;][vc_column][vc_row_inner content_width=&#8221;grid&#8221; el_class=&#8221;about-block&#8221;][vc_column_inner]<div class=\"edgt-elements-holder edgt-responsive-mode-1024\" ><div class=\"edgt-elements-holder-item edgt-width-1-1 edgt-vertical-alignment-middle edgt-horizontal-alignment-left\" data-item-class=\"edgt-elements-holder-custom-598398\" data-1024-1280=\"0 0% 0 4%\" data-768-1024=\"0 24% 118px 0%\" data-600-768=\"0 9% 79px 0%\" data-480-600=\"0 0% 63px 0%\" data-480=\"0 0% 63px 0%\" >\n\t<div class=\"edgt-elements-holder-item-inner\">\n\t\t<div\n\t\t\tclass=\"edgt-elements-holder-item-content edgt-elements-holder-custom-598398\" style=\"padding: 0 10% 0 0%\">\n\t\t\t<div class=\"edgt-elements-holder-item-content-inner\">\n\t\t\t\t<div class=\"edgt-iwt clearfix edgt-iwt-icon-left edgt-iwt-icon-small\"  >\n        <div class=\"edgt-iwt-icon-holder\">\n\t\t\t\t\t<span\n\t\t\t\tclass=\"edgt-iwt-custom-icon\" style=\"margin: 0 33px 89px 0\"><img loading=\"lazy\" decoding=\"async\" width=\"448\" height=\"448\" src=\"https:\/\/akor-clash.com\/wp-content\/uploads\/2025\/07\/fight_select-2.png\" class=\"attachment-full size-full\" alt=\"\" srcset=\"https:\/\/akor-clash.com\/wp-content\/uploads\/2025\/07\/fight_select-2.png 448w, https:\/\/akor-clash.com\/wp-content\/uploads\/2025\/07\/fight_select-2-300x300.png 300w, https:\/\/akor-clash.com\/wp-content\/uploads\/2025\/07\/fight_select-2-150x150.png 150w\" sizes=\"auto, (max-width: 448px) 100vw, 448px\" \/><\/span>\n\t\t\t<\/div>\n    \t<div class=\"edgt-iwt-content-holder\" >\n\t\t        \t\t<div class=\"edgt-iwt-title-holder\">\n\t\t\t<h4\t\t\tclass=\"edgt-iwt-title\" style=\"color: #ffffff\"\t\t\t>\u0130fade Evreni<\/h4>\n        <\/div>\n        \t\t<div class=\"edgt-iwt-text-holder\">\n        \t\t    <p style=\"color: #ffffff\">Akor Clash, oyuncular\u0131 sanat, m\u00fczik ve kimli\u011fin \u00e7arp\u0131\u015ft\u0131\u011f\u0131 cesur yeni bir d\u00fcnyaya davet ediyor. Her \u015fehir, sahne ve hikaye vuru\u015fu, performans ve g\u00fc\u00e7 \u00fczerine kurulu bir k\u00fclt\u00fcr\u00fcn daha derin bir katman\u0131n\u0131 ortaya \u00e7\u0131kar\u0131yor.<\/p>\n        \n\t\t\t<\/div>\n<\/div>\n<\/div><div class=\"edgt-iwt clearfix edgt-iwt-icon-left edgt-iwt-icon-small\"  >\n        <div class=\"edgt-iwt-icon-holder\">\n\t\t\t\t\t<span\n\t\t\t\tclass=\"edgt-iwt-custom-icon\" style=\"margin: 0 33px 0px 0\"><img loading=\"lazy\" decoding=\"async\" width=\"448\" height=\"448\" src=\"https:\/\/akor-clash.com\/wp-content\/uploads\/2025\/07\/summon_select.png\" class=\"attachment-full size-full\" alt=\"\" srcset=\"https:\/\/akor-clash.com\/wp-content\/uploads\/2025\/07\/summon_select.png 448w, https:\/\/akor-clash.com\/wp-content\/uploads\/2025\/07\/summon_select-300x300.png 300w, https:\/\/akor-clash.com\/wp-content\/uploads\/2025\/07\/summon_select-150x150.png 150w\" sizes=\"auto, (max-width: 448px) 100vw, 448px\" \/><\/span>\n\t\t\t<\/div>\n    \t<div class=\"edgt-iwt-content-holder\" >\n\t\t        \t\t<div class=\"edgt-iwt-title-holder\">\n\t\t\t<h4\t\t\tclass=\"edgt-iwt-title\" style=\"color: #ffffff\"\t\t\t>\u00c7e\u015fitli Modlar. \u0130konik Sanat\u00e7\u0131lar<\/h4>\n        <\/div>\n        \t\t<div class=\"edgt-iwt-text-holder\">\n        \t\t    <p style=\"color: #ffffff\">\u0130ster tek ba\u015f\u0131n\u0131za oynay\u0131n, ister dinamik grup \u00e7at\u0131\u015fmalar\u0131nda sava\u015f\u0131n, Akor Clash \u00e7e\u015fitli oyun modlar\u0131 ve benzersiz performans g\u00f6sterenlerden olu\u015fan bir kadro sunuyor.<\/p>\n        \n\t\t\t<\/div>\n<\/div>\n<\/div>\t\t\t<\/div>\n\t\t<\/div>\n\t<\/div>\n<\/div><div class=\"edgt-elements-holder-item edgt-width-1-1 edgt-vertical-alignment-middle edgt-horizontal-alignment-left\" data-item-class=\"edgt-elements-holder-custom-920403\" data-600-768=\"70px 0% 155px 0%\" data-480-600=\"57px 5% 163px 0%\" data-480=\"57px 5% 163px 0%\" >\n\t<div class=\"edgt-elements-holder-item-inner\">\n\t\t<div\n\t\t\tclass=\"edgt-elements-holder-item-content edgt-elements-holder-custom-920403\" style=\"padding: 114px 4% 157px 0%\">\n\t\t\t<div class=\"edgt-elements-holder-item-content-inner\">\n\t\t\t\t[vc_column_text]<\/p>\n<h3><span style=\"color: #ffffff;\"><span style=\"caret-color: #ffffff;\">Hakk\u0131m\u0131zda<\/span><\/span><\/h3>\n<p>[\/vc_column_text][vc_empty_space height=&#8221;16px&#8221;][vc_column_text]<\/p>\n<p><span style=\"color: #ffffff;\">Akor Clash, yarat\u0131c\u0131l\u0131\u011f\u0131n g\u00fc\u00e7 oldu\u011fu ve her performans\u0131n dengeyi de\u011fi\u015ftirebilece\u011fi vizyoner bir d\u00fcnyada ge\u00e7iyor.<br \/>\nBu evrende, ola\u011fan\u00fcst\u00fc yeteneklere sahip sanat\u00e7\u0131lar s\u00fcrekli de\u011fi\u015fen sahnelerde yumruklar\u0131yla de\u011fil, ifadeleri, enerjileri ve saf varl\u0131klar\u0131yla \u00e7arp\u0131\u015f\u0131yor.<br \/>\nBaz\u0131lar\u0131 ilham vermek i\u00e7in y\u00fckselirken, di\u011ferleri h\u00fckmetmek i\u00e7in y\u00fckseliyor. Ancak yaln\u0131zca en unutulmaz olanlar miraslar\u0131n\u0131 spot \u0131\u015f\u0131klar\u0131 alt\u0131nda b\u0131rakacakt\u0131r.<\/span><\/p>\n<p>[\/vc_column_text]\t\t\t<\/div>\n\t\t<\/div>\n\t<\/div>\n<\/div><\/div>[\/vc_column_inner][\/vc_row_inner][\/vc_column][\/vc_row][vc_row css=&#8221;.vc_custom_1751367567478{background-color: #0a0a0a !important;}&#8221; el_id=&#8221;gammeplay&#8221;][vc_column]<div class=\"edgt-elements-holder edgt-responsive-mode-1024\" ><div class=\"edgt-elements-holder-item edgt-width-1-2 edgt-vertical-alignment-middle edgt-horizontal-alignment-left\" data-item-class=\"edgt-elements-holder-custom-668339\" data-1024-1280=\"129px 13% 129px 13%\" data-768-1024=\"129px 35% 129px 13%\" data-600-768=\"129px 15% 129px 15%\" data-480-600=\"129px 7% 129px 7%\" data-480=\"129px 7% 129px 7%\" >\n\t<div class=\"edgt-elements-holder-item-inner\">\n\t\t<div\n\t\t\tclass=\"edgt-elements-holder-item-content edgt-elements-holder-custom-668339\" style=\"background-color: #121212;padding: 129px 20% 129px 13%\">\n\t\t\t<div class=\"edgt-elements-holder-item-content-inner\">\n\t\t\t\t[vc_column_text]<\/p>\n<h3><span style=\"color: #ffffff;\">S\u00fcr\u00fckleyici Performans Odakl\u0131 Oynan\u0131\u015f<\/span><\/h3>\n<p>[\/vc_column_text][vc_empty_space height=&#8221;13px&#8221;][vc_empty_space height=&#8221;65px&#8221;]<div class=\"edgt-iwt clearfix edgt-iwt-icon-left edgt-iwt-icon-tiny\"  >\n        <div class=\"edgt-iwt-icon-holder\">\n\t\t\t\t\t<span\n\t\t\t\tclass=\"edgt-iwt-custom-icon\" style=\"margin: 0 32px 60px 0\"><img loading=\"lazy\" decoding=\"async\" width=\"645\" height=\"644\" src=\"https:\/\/akor-clash.com\/wp-content\/uploads\/2025\/07\/fazhen.png\" class=\"attachment-full size-full\" alt=\"\" srcset=\"https:\/\/akor-clash.com\/wp-content\/uploads\/2025\/07\/fazhen.png 645w, https:\/\/akor-clash.com\/wp-content\/uploads\/2025\/07\/fazhen-300x300.png 300w, https:\/\/akor-clash.com\/wp-content\/uploads\/2025\/07\/fazhen-150x150.png 150w\" sizes=\"auto, (max-width: 645px) 100vw, 645px\" \/><\/span>\n\t\t\t<\/div>\n    \t<div class=\"edgt-iwt-content-holder\" >\n\t\t\t<div class=\"edgt-iwt-text-holder\">\n        \t\t    <p style=\"color: #ffffff\">Akor Clash&#039;te her ma\u00e7 bir g\u00f6steridir. Oyuncular\u0131 her sava\u015f\u0131n bir sahne oldu\u011fu ve her hareketin bir hikaye anlatt\u0131\u011f\u0131 canl\u0131 bir d\u00fcnyaya \u00e7eken bir deneyim yarat\u0131yoruz.<\/p>\n        \n\t\t\t<\/div>\n<\/div>\n<\/div><div class=\"edgt-iwt clearfix edgt-iwt-icon-left edgt-iwt-icon-tiny\"  >\n        <div class=\"edgt-iwt-icon-holder\">\n\t\t\t\t\t<span\n\t\t\t\tclass=\"edgt-iwt-custom-icon\" style=\"margin: 0 32px 0 0\"><img loading=\"lazy\" decoding=\"async\" width=\"124\" height=\"127\" src=\"https:\/\/akor-clash.com\/wp-content\/uploads\/2025\/07\/guankatou5.png\" class=\"attachment-full size-full\" alt=\"\" \/><\/span>\n\t\t\t<\/div>\n    \t<div class=\"edgt-iwt-content-holder\" >\n\t\t\t<div class=\"edgt-iwt-text-holder\">\n        \t\t    <p style=\"color: #ffffff\">Yarat\u0131c\u0131 ekibimiz evreni s\u00fcrekli olarak geli\u015ftiriyor; yeni sanat\u00e7\u0131lar tan\u0131t\u0131yor, anlat\u0131lar\u0131 geni\u015fletiyor ve ilgi oda\u011f\u0131n\u0131n her zamankinden daha parlak olmas\u0131n\u0131 sa\u011flamak i\u00e7in oynan\u0131\u015f\u0131 ince ayarl\u0131yor.<\/p>\n        \n\t\t\t<\/div>\n<\/div>\n<\/div>\t\t\t<\/div>\n\t\t<\/div>\n\t<\/div>\n<\/div><div class=\"edgt-elements-holder-item edgt-width-1-2 edgt-vertical-alignment-middle edgt-horizontal-alignment-left\" data-item-class=\"edgt-elements-holder-custom-235902\" >\n\t<div class=\"edgt-elements-holder-item-inner\">\n\t\t<div\n\t\t\tclass=\"edgt-elements-holder-item-content edgt-elements-holder-custom-235902\" style=\"background-image: url(https:\/\/akor-clash.com\/wp-content\/uploads\/2025\/07\/\u0417\u043d\u0456\u043c\u043e\u043a-\u0435\u043a\u0440\u0430\u043d\u0430-2025-07-01-\u043e-13.55.54.png);padding: 346px 0 346px 0\">\n\t\t\t<div class=\"edgt-elements-holder-item-content-inner\">\n\t\t\t\t\t\t\t<\/div>\n\t\t<\/div>\n\t<\/div>\n<\/div><\/div>[\/vc_column][\/vc_row][vc_row content_aligment=&#8221;center&#8221; css=&#8221;.vc_custom_1751367283289{padding-top: 178px !important;padding-bottom: 182px !important;background-image: url(https:\/\/akor-clash.com\/wp-content\/uploads\/2025\/07\/Guide_2-1.jpg?id=16743) !important;}&#8221;][vc_column]<div class=\"edgt-testimonials-holder clearfix light\"><div class=\"edgt-testimonials edgt-light-navigation\"><div class=\"edgt-testimonial-content\">\n\n\t\n\n\t<div class=\"edgt-testimonial-content-inner\">\n\t\t<div class=\"edgt-testimonial-text-holder\">\n\t\t\t<div class=\"edgt-testimonial-text-inner light\">\n                <h2 class=\"edgt-testimonial-title\"><span style=\"color:#ffffff;\"> Stil stratejiyle bulu\u015fuyor<\/span><\/h2>\n\t\t\t\t<h5 class=\"edgt-testimonial-text\">\"En \u00e7ok sevdi\u011fim \u015fey, se\u00e7imlerinizin tarz\u0131n\u0131z\u0131 nas\u0131l yans\u0131tt\u0131\u011f\u0131. Sadece kazanmakla ilgili de\u011fil, nas\u0131l kazand\u0131\u011f\u0131n\u0131z ile ilgili. Akor Clash bu dengeyi yakal\u0131yor.\"<\/h5>\n\t\t\t\t\t\t\t\t\t<div class=\"edgt-testimonial-author\">\n\t\t\t\t\t\t<h4 class=\"edgt-testimonial-author-text light\">- Lena Cruz<\/h4>\n\t\t\t\t\t\t\t\t\t\t\t<\/div>\n\t\t\t\t\t\t\t<\/div>\n\t\t<\/div>\n\t<\/div>\n<\/div>\n<div class=\"edgt-testimonial-content\">\n\n\t\n\n\t<div class=\"edgt-testimonial-content-inner\">\n\t\t<div class=\"edgt-testimonial-text-holder\">\n\t\t\t<div class=\"edgt-testimonial-text-inner light\">\n                <h2 class=\"edgt-testimonial-title\"><span style=\"color:#ffffff;\">Ba\u011f\u0131ml\u0131l\u0131k yap\u0131c\u0131 ve ferahlat\u0131c\u0131<\/span><\/h2>\n\t\t\t\t<h5 class=\"edgt-testimonial-text\">\"Bunun beni ba\u011flayaca\u011f\u0131n\u0131 beklemiyordum. Hikaye, ritim ve karakter tasar\u0131m\u0131n\u0131n kar\u0131\u015f\u0131m\u0131 bir \u00fcst seviye. \u0130\u015ften sonra rahatlaman\u0131n en sevdi\u011fim yolu.\"<\/h5>\n\t\t\t\t\t\t\t\t\t<div class=\"edgt-testimonial-author\">\n\t\t\t\t\t\t<h4 class=\"edgt-testimonial-author-text light\">- Jonas K.<\/h4>\n\t\t\t\t\t\t\t\t\t\t\t<\/div>\n\t\t\t\t\t\t\t<\/div>\n\t\t<\/div>\n\t<\/div>\n<\/div>\n<div class=\"edgt-testimonial-content\">\n\n\t\n\n\t<div class=\"edgt-testimonial-content-inner\">\n\t\t<div class=\"edgt-testimonial-text-holder\">\n\t\t\t<div class=\"edgt-testimonial-text-inner light\">\n                <h2 class=\"edgt-testimonial-title\"><span style=\"color:#ffffff;\"> Her sahnede saf enerji<\/span><\/h2>\n\t\t\t\t<h5 class=\"edgt-testimonial-text\">\"Akor Clash sadece bir oyun de\u011fil, bir performans. Her ma\u00e7ta sanki bir g\u00f6sterinin ba\u015f\u0131ndaym\u0131\u015fs\u0131n\u0131z gibi hissediyorsunuz. Atmosfer, g\u00f6rseller, karakterler, hepsi yerinde.\"<\/h5>\n\t\t\t\t\t\t\t\t\t<div class=\"edgt-testimonial-author\">\n\t\t\t\t\t\t<h4 class=\"edgt-testimonial-author-text light\">- Amira Vance<\/h4>\n\t\t\t\t\t\t\t\t\t\t\t<\/div>\n\t\t\t\t\t\t\t<\/div>\n\t\t<\/div>\n\t<\/div>\n<\/div>\n<\/div><\/div>[\/vc_column][\/vc_row]<\/p>\n<\/section>","protected":false},"excerpt":{"rendered":"<p>[vc_row row_type=&#8221;parallax&#8221; content_aligment=&#8221;center&#8221; full_screen_section_height=&#8221;no&#8221; parallax_background_image=&#8221;16727&#8243;][vc_column][\/vc_column][\/vc_row][vc_row css=&#8221;.vc_custom_1751367228264{padding-top: 43px !important;padding-bottom: 38px !important;background-image: url(https:\/\/akor-clash.com\/wp-content\/uploads\/2025\/07\/Guide_2-1.jpg?id=16743) !important;}&#8221;][vc_column][vc_row_inner content_width=&#8221;grid&#8221; el_class=&#8221;about-block&#8221;][vc_column_inner][\/vc_column_inner][\/vc_row_inner][\/vc_column][\/vc_row][vc_row css=&#8221;.vc_custom_1751367567478{background-color: #0a0a0a !important;}&#8221; el_id=&#8221;gammeplay&#8221;][vc_column][\/vc_column][\/vc_row][vc_row content_aligment=&#8221;center&#8221; css=&#8221;.vc_custom_1751367283289{padding-top: 178px !important;padding-bottom: 182px !important;background-image: url(https:\/\/akor-clash.com\/wp-content\/uploads\/2025\/07\/Guide_2-1.jpg?id=16743) !important;}&#8221;][vc_column][\/vc_column][\/vc_row]<\/p>\n","protected":false},"author":1,"featured_media":0,"parent":0,"menu_order":-29,"comment_status":"closed","ping_status":"closed","template":"full-width.php","meta":{"footnotes":""},"class_list":["post-17276","page","type-page","status-publish","hentry"],"yoast_head":"<!-- This site is optimized with the Yoast SEO plugin v25.4 - https:\/\/yoast.com\/wordpress\/plugins\/seo\/ -->\n<title>Hakk\u0131m\u0131zda - Akor \u00c7at\u0131\u015fmas\u0131<\/title>\n<meta name=\"robots\" content=\"index, follow, max-snippet:-1, max-image-preview:large, max-video-preview:-1\" \/>\n<link rel=\"canonical\" href=\"https:\/\/akor-clash.com\/tr\/hakkimizda\/\" \/>\n<meta property=\"og:locale\" content=\"tr_TR\" \/>\n<meta property=\"og:type\" content=\"article\" \/>\n<meta property=\"og:title\" content=\"Hakk\u0131m\u0131zda - Akor \u00c7at\u0131\u015fmas\u0131\" \/>\n<meta property=\"og:description\" content=\"[vc_row row_type=&#8221;parallax&#8221; content_aligment=&#8221;center&#8221; full_screen_section_height=&#8221;no&#8221; parallax_background_image=&#8221;16727&#8243;][vc_column][\/vc_column][\/vc_row][vc_row css=&#8221;.vc_custom_1751367228264{padding-top: 43px !important;padding-bottom: 38px !important;background-image: url(https:\/\/akor-clash.com\/wp-content\/uploads\/2025\/07\/Guide_2-1.jpg?id=16743) !important;}&#8221;][vc_column][vc_row_inner content_width=&#8221;grid&#8221; el_class=&#8221;about-block&#8221;][vc_column_inner][\/vc_column_inner][\/vc_row_inner][\/vc_column][\/vc_row][vc_row css=&#8221;.vc_custom_1751367567478{background-color: #0a0a0a !important;}&#8221; el_id=&#8221;gammeplay&#8221;][vc_column][\/vc_column][\/vc_row][vc_row content_aligment=&#8221;center&#8221; css=&#8221;.vc_custom_1751367283289{padding-top: 178px !important;padding-bottom: 182px !important;background-image: url(https:\/\/akor-clash.com\/wp-content\/uploads\/2025\/07\/Guide_2-1.jpg?id=16743) !important;}&#8221;][vc_column][\/vc_column][\/vc_row]\" \/>\n<meta property=\"og:url\" content=\"https:\/\/akor-clash.com\/tr\/hakkimizda\/\" \/>\n<meta property=\"og:site_name\" content=\"Akor \u00c7at\u0131\u015fmas\u0131\" \/>\n<meta property=\"article:modified_time\" content=\"2025-07-01T13:06:42+00:00\" \/>\n<meta name=\"twitter:card\" content=\"summary_large_image\" \/>\n<meta name=\"twitter:label1\" content=\"Tahmini okuma s\u00fcresi\" \/>\n\t<meta name=\"twitter:data1\" content=\"4 dakika\" \/>\n<script type=\"application\/ld+json\" class=\"yoast-schema-graph\">{\"@context\":\"https:\/\/schema.org\",\"@graph\":[{\"@type\":\"WebPage\",\"@id\":\"https:\/\/akor-clash.com\/tr\/hakkimizda\/\",\"url\":\"https:\/\/akor-clash.com\/tr\/hakkimizda\/\",\"name\":\"Hakk\u0131m\u0131zda - Akor \u00c7at\u0131\u015fmas\u0131\",\"isPartOf\":{\"@id\":\"https:\/\/akor-clash.com\/#website\"},\"datePublished\":\"2017-06-08T09:33:54+00:00\",\"dateModified\":\"2025-07-01T13:06:42+00:00\",\"breadcrumb\":{\"@id\":\"https:\/\/akor-clash.com\/tr\/hakkimizda\/#breadcrumb\"},\"inLanguage\":\"tr\",\"potentialAction\":[{\"@type\":\"ReadAction\",\"target\":[\"https:\/\/akor-clash.com\/tr\/hakkimizda\/\"]}]},{\"@type\":\"BreadcrumbList\",\"@id\":\"https:\/\/akor-clash.com\/tr\/hakkimizda\/#breadcrumb\",\"itemListElement\":[{\"@type\":\"ListItem\",\"position\":1,\"name\":\"Home\",\"item\":\"https:\/\/akor-clash.com\/tr\/\"},{\"@type\":\"ListItem\",\"position\":2,\"name\":\"Hakk\u0131m\u0131zda\"}]},{\"@type\":\"WebSite\",\"@id\":\"https:\/\/akor-clash.com\/#website\",\"url\":\"https:\/\/akor-clash.com\/\",\"name\":\"Akor Clash\",\"description\":\"\",\"publisher\":{\"@id\":\"https:\/\/akor-clash.com\/#organization\"},\"potentialAction\":[{\"@type\":\"SearchAction\",\"target\":{\"@type\":\"EntryPoint\",\"urlTemplate\":\"https:\/\/akor-clash.com\/?s={search_term_string}\"},\"query-input\":{\"@type\":\"PropertyValueSpecification\",\"valueRequired\":true,\"valueName\":\"search_term_string\"}}],\"inLanguage\":\"tr\"},{\"@type\":\"Organization\",\"@id\":\"https:\/\/akor-clash.com\/#organization\",\"name\":\"Akor Clash\",\"url\":\"https:\/\/akor-clash.com\/\",\"logo\":{\"@type\":\"ImageObject\",\"inLanguage\":\"tr\",\"@id\":\"https:\/\/akor-clash.com\/#\/schema\/logo\/image\/\",\"url\":\"https:\/\/akor-clash.com\/wp-content\/uploads\/2025\/07\/cropped-logo-akor-clash.png\",\"contentUrl\":\"https:\/\/akor-clash.com\/wp-content\/uploads\/2025\/07\/cropped-logo-akor-clash.png\",\"width\":512,\"height\":512,\"caption\":\"Akor Clash\"},\"image\":{\"@id\":\"https:\/\/akor-clash.com\/#\/schema\/logo\/image\/\"}}]}<\/script>\n<!-- \/ Yoast SEO plugin. -->","yoast_head_json":{"title":"Hakk\u0131m\u0131zda - Akor \u00c7at\u0131\u015fmas\u0131","robots":{"index":"index","follow":"follow","max-snippet":"max-snippet:-1","max-image-preview":"max-image-preview:large","max-video-preview":"max-video-preview:-1"},"canonical":"https:\/\/akor-clash.com\/tr\/hakkimizda\/","og_locale":"tr_TR","og_type":"article","og_title":"Hakk\u0131m\u0131zda - Akor \u00c7at\u0131\u015fmas\u0131","og_description":"[vc_row row_type=&#8221;parallax&#8221; content_aligment=&#8221;center&#8221; full_screen_section_height=&#8221;no&#8221; parallax_background_image=&#8221;16727&#8243;][vc_column][\/vc_column][\/vc_row][vc_row css=&#8221;.vc_custom_1751367228264{padding-top: 43px !important;padding-bottom: 38px !important;background-image: url(https:\/\/akor-clash.com\/wp-content\/uploads\/2025\/07\/Guide_2-1.jpg?id=16743) !important;}&#8221;][vc_column][vc_row_inner content_width=&#8221;grid&#8221; el_class=&#8221;about-block&#8221;][vc_column_inner][\/vc_column_inner][\/vc_row_inner][\/vc_column][\/vc_row][vc_row css=&#8221;.vc_custom_1751367567478{background-color: #0a0a0a !important;}&#8221; el_id=&#8221;gammeplay&#8221;][vc_column][\/vc_column][\/vc_row][vc_row content_aligment=&#8221;center&#8221; css=&#8221;.vc_custom_1751367283289{padding-top: 178px !important;padding-bottom: 182px !important;background-image: url(https:\/\/akor-clash.com\/wp-content\/uploads\/2025\/07\/Guide_2-1.jpg?id=16743) !important;}&#8221;][vc_column][\/vc_column][\/vc_row]","og_url":"https:\/\/akor-clash.com\/tr\/hakkimizda\/","og_site_name":"Akor \u00c7at\u0131\u015fmas\u0131","article_modified_time":"2025-07-01T13:06:42+00:00","twitter_card":"summary_large_image","twitter_misc":{"Tahmini okuma s\u00fcresi":"4 dakika"},"schema":{"@context":"https:\/\/schema.org","@graph":[{"@type":"WebPage","@id":"https:\/\/akor-clash.com\/tr\/hakkimizda\/","url":"https:\/\/akor-clash.com\/tr\/hakkimizda\/","name":"Hakk\u0131m\u0131zda - Akor \u00c7at\u0131\u015fmas\u0131","isPartOf":{"@id":"https:\/\/akor-clash.com\/#website"},"datePublished":"2017-06-08T09:33:54+00:00","dateModified":"2025-07-01T13:06:42+00:00","breadcrumb":{"@id":"https:\/\/akor-clash.com\/tr\/hakkimizda\/#breadcrumb"},"inLanguage":"tr","potentialAction":[{"@type":"ReadAction","target":["https:\/\/akor-clash.com\/tr\/hakkimizda\/"]}]},{"@type":"BreadcrumbList","@id":"https:\/\/akor-clash.com\/tr\/hakkimizda\/#breadcrumb","itemListElement":[{"@type":"ListItem","position":1,"name":"Home","item":"https:\/\/akor-clash.com\/tr\/"},{"@type":"ListItem","position":2,"name":"Hakk\u0131m\u0131zda"}]},{"@type":"WebSite","@id":"https:\/\/akor-clash.com\/#website","url":"https:\/\/akor-clash.com\/","name":"Akor Clash","description":"","publisher":{"@id":"https:\/\/akor-clash.com\/#organization"},"potentialAction":[{"@type":"SearchAction","target":{"@type":"EntryPoint","urlTemplate":"https:\/\/akor-clash.com\/?s={search_term_string}"},"query-input":{"@type":"PropertyValueSpecification","valueRequired":true,"valueName":"search_term_string"}}],"inLanguage":"tr"},{"@type":"Organization","@id":"https:\/\/akor-clash.com\/#organization","name":"Akor Clash","url":"https:\/\/akor-clash.com\/","logo":{"@type":"ImageObject","inLanguage":"tr","@id":"https:\/\/akor-clash.com\/#\/schema\/logo\/image\/","url":"https:\/\/akor-clash.com\/wp-content\/uploads\/2025\/07\/cropped-logo-akor-clash.png","contentUrl":"https:\/\/akor-clash.com\/wp-content\/uploads\/2025\/07\/cropped-logo-akor-clash.png","width":512,"height":512,"caption":"Akor Clash"},"image":{"@id":"https:\/\/akor-clash.com\/#\/schema\/logo\/image\/"}}]}},"_links":{"self":[{"href":"https:\/\/akor-clash.com\/tr\/wp-json\/wp\/v2\/pages\/17276","targetHints":{"allow":["GET"]}}],"collection":[{"href":"https:\/\/akor-clash.com\/tr\/wp-json\/wp\/v2\/pages"}],"about":[{"href":"https:\/\/akor-clash.com\/tr\/wp-json\/wp\/v2\/types\/page"}],"author":[{"embeddable":true,"href":"https:\/\/akor-clash.com\/tr\/wp-json\/wp\/v2\/users\/1"}],"replies":[{"embeddable":true,"href":"https:\/\/akor-clash.com\/tr\/wp-json\/wp\/v2\/comments?post=17276"}],"version-history":[{"count":7,"href":"https:\/\/akor-clash.com\/tr\/wp-json\/wp\/v2\/pages\/17276\/revisions"}],"predecessor-version":[{"id":17343,"href":"https:\/\/akor-clash.com\/tr\/wp-json\/wp\/v2\/pages\/17276\/revisions\/17343"}],"wp:attachment":[{"href":"https:\/\/akor-clash.com\/tr\/wp-json\/wp\/v2\/media?parent=17276"}],"curies":[{"name":"wp","href":"https:\/\/api.w.org\/{rel}","templated":true}]}}