{"id":17273,"date":"2017-06-08T14:25:19","date_gmt":"2017-06-08T14:25:19","guid":{"rendered":"https:\/\/akor-clash.com\/bize-ulasin\/"},"modified":"2026-01-13T13:05:06","modified_gmt":"2026-01-13T13:05:06","slug":"bize-ulasin","status":"publish","type":"page","link":"https:\/\/akor-clash.com\/tr\/bize-ulasin\/","title":{"rendered":"Bize Ula\u015f\u0131n"},"content":{"rendered":"<section class=\"wpb-content-wrapper\"><p>[vc_row row_type=&#8221;parallax&#8221; content_aligment=&#8221;center&#8221; full_screen_section_height=&#8221;no&#8221; parallax_background_image=&#8221;16736&#8243; css=&#8221;.vc_custom_1751369035605{background-image: url(https:\/\/akor-clash.com\/wp-content\/uploads\/2025\/07\/\u0417\u043d\u0456\u043c\u043e\u043a-\u0435\u043a\u0440\u0430\u043d\u0430-2025-07-01-\u043e-13.36.31-1-scaled.jpg?id=16734) !important;}&#8221;][vc_column]<div class=\"edgt-elements-holder edgt-responsive-mode-768\" ><div class=\"edgt-elements-holder-item edgt-width-1-1 edgt-vertical-alignment-middle edgt-horizontal-alignment-center\" data-item-class=\"edgt-elements-holder-custom-834357\" data-1024-1280=\"20.8% 0 20.8% 0\" data-768-1024=\"13.5% 0 14% 0\" >\n\t<div class=\"edgt-elements-holder-item-inner\">\n\t\t<div\n\t\t\tclass=\"edgt-elements-holder-item-content edgt-elements-holder-custom-834357\" style=\"padding: 13.5% 0 14% 0\">\n\t\t\t<div class=\"edgt-elements-holder-item-content-inner\">\n\t\t\t\t[vc_column_text]<\/p>\n<h1><span style=\"color: #ffffff;\">B\u0130ZE ULA\u015eIN<\/span><\/h1>\n<p>[\/vc_column_text]\t\t\t<\/div>\n\t\t<\/div>\n\t<\/div>\n<\/div><\/div>[\/vc_column][\/vc_row][vc_row content_aligment=&#8221;center&#8221; css=&#8221;.vc_custom_1751368980710{padding-top: 60px !important;background-image: url(https:\/\/akor-clash.com\/wp-content\/uploads\/2025\/07\/Guide_2-1.jpg?id=16743) !important;}&#8221;][vc_column width=&#8221;1\/2&#8243;]<div class=\"edgt-elements-holder edgt-responsive-mode-768\" ><div class=\"edgt-elements-holder-item edgt-width-1-1 edgt-vertical-alignment-middle edgt-horizontal-alignment-center\" data-item-class=\"edgt-elements-holder-custom-363743\" data-1024-1280=\"20px 25% 100px 25%\" data-768-1024=\"20px 20% 143px 20%\" data-600-768=\"20px 15% 143px 15%\" data-480-600=\"20px 6% 143px 6%\" data-480=\"20px 6% 143px 6%\" >\n\t<div class=\"edgt-elements-holder-item-inner\">\n\t\t<div\n\t\t\tclass=\"edgt-elements-holder-item-content edgt-elements-holder-custom-363743\" style=\"padding: 20px 5% 143px 5%\">\n\t\t\t<div class=\"edgt-elements-holder-item-content-inner\">\n\t\t\t\t[vc_column_text]<\/p>\n<h2><span style=\"color: #ffffff;\">\u0130leti\u015fim<\/span><\/h2>\n<p>[\/vc_column_text][vc_empty_space height=&#8221;24px&#8221;][vc_single_image image=&#8221;16632&#8243; img_size=&#8221;full&#8221; alignment=&#8221;center&#8221; el_class=&#8221;separatore-image&#8221;][vc_empty_space height=&#8221;58px&#8221;][vc_column_text]Ad\u0131: RAINBOW RITUALS LTD<\/p>\n<p>\u015eirket numaras\u0131: 15605117<\/p>\n<p>Yasal Adres: 20 Wenlock Road, Londra, \u0130ngiltere, N1 7GU, Birle\u015fik Krall\u0131k.<\/p>\n<p>E-posta: <a style=\"color: #fff;\" href=\"mailto:info@akor-clash.com\"><span style=\"font-weight: 400;\">info@<\/span><span style=\"font-weight: 400;\">akor-clash.com<\/span><\/a><\/p>\n<p>M\u00fc\u015fteri Deste\u011fi: Pazartesi-Cuma, 09:00 &#8211; 18:00[\/vc_column_text]\t\t\t<\/div>\n\t\t<\/div>\n\t<\/div>\n<\/div><\/div>[\/vc_column][vc_column width=&#8221;1\/2&#8243;]<div class=\"edgt-elements-holder edgt-responsive-mode-768\" ><div class=\"edgt-elements-holder-item edgt-width-1-1 edgt-vertical-alignment-middle edgt-horizontal-alignment-center\" data-item-class=\"edgt-elements-holder-custom-471897\" data-1024-1280=\"20px 25% 100px 25%\" data-768-1024=\"20px 20% 143px 20%\" data-600-768=\"20px 15% 143px 15%\" data-480-600=\"20px 6% 143px 6%\" data-480=\"20px 6% 143px 6%\" >\n\t<div class=\"edgt-elements-holder-item-inner\">\n\t\t<div\n\t\t\tclass=\"edgt-elements-holder-item-content edgt-elements-holder-custom-471897\" style=\"padding: 20px 5% 143px 5%\">\n\t\t\t<div class=\"edgt-elements-holder-item-content-inner\">\n\t\t\t\t[vc_column_text]<\/p>\n<h2><span style=\"color: #ffffff;\">Ba\u011flanal\u0131m &#8211; Sesiniz \u00d6nemlidir<\/span><\/h2>\n<p>[\/vc_column_text][vc_empty_space height=&#8221;24px&#8221;][vc_single_image image=&#8221;16632&#8243; img_size=&#8221;full&#8221; alignment=&#8221;center&#8221; el_class=&#8221;separatore-image&#8221;][vc_empty_space height=&#8221;58px&#8221;]\n<div class=\"wpcf7 no-js\" id=\"wpcf7-f17348-o1\" lang=\"en-US\" dir=\"ltr\" data-wpcf7-id=\"17348\">\n<div class=\"screen-reader-response\"><p role=\"status\" aria-live=\"polite\" aria-atomic=\"true\"><\/p> <ul><\/ul><\/div>\n<form action=\"\/tr\/wp-json\/wp\/v2\/pages\/17273#wpcf7-f17348-o1\" method=\"post\" class=\"wpcf7-form init cf7_custom_style_4\" aria-label=\"Contact form\" novalidate=\"novalidate\" data-status=\"init\">\n<fieldset class=\"hidden-fields-container\"><input type=\"hidden\" name=\"_wpcf7\" value=\"17348\" \/><input type=\"hidden\" name=\"_wpcf7_version\" value=\"6.1\" \/><input type=\"hidden\" name=\"_wpcf7_locale\" value=\"en_US\" \/><input type=\"hidden\" name=\"_wpcf7_unit_tag\" value=\"wpcf7-f17348-o1\" \/><input type=\"hidden\" name=\"_wpcf7_container_post\" value=\"0\" \/><input type=\"hidden\" name=\"_wpcf7_posted_data_hash\" value=\"\" \/>\n<\/fieldset>\n<div class=\"edgt-cf7-50-50 \">\n\t<div class=\"edgt-cf7-col-right\">\n\t\t<p><span class=\"wpcf7-form-control-wrap\" data-name=\"your-name\"><input size=\"40\" maxlength=\"400\" class=\"wpcf7-form-control wpcf7-text wpcf7-validates-as-required\" aria-required=\"true\" aria-invalid=\"false\" value=\"S\u0130Z\u0130N ADINIZ\" type=\"text\" name=\"your-name\" \/><\/span>\n\t\t<\/p>\n\t<\/div>\n\t<div class=\"edgt-cf7-col-left\">\n\t\t<p><span class=\"wpcf7-form-control-wrap\" data-name=\"your-mail\"><input size=\"40\" maxlength=\"400\" class=\"wpcf7-form-control wpcf7-email wpcf7-validates-as-required wpcf7-text wpcf7-validates-as-email\" aria-required=\"true\" aria-invalid=\"false\" value=\"S\u0130Z\u0130N POSTA\" type=\"email\" name=\"your-mail\" \/><\/span>\n\t\t<\/p>\n\t<\/div>\n<\/div>\n<div>\n\t<p><span class=\"wpcf7-form-control-wrap\" data-name=\"your-message\"><textarea cols=\"40\" rows=\"6\" maxlength=\"2000\" class=\"wpcf7-form-control wpcf7-textarea\" aria-invalid=\"false\" name=\"your-message\">MESAJ<\/textarea><\/span>\n\t<\/p>\n\t<div>\n\t\t<div class=\"edgt-cf7-submit-fullwidth\">\n\t\t\t<p><input class=\"wpcf7-form-control wpcf7-submit has-spinner\" type=\"submit\" value=\"G\u00d6NDER\" \/>\n\t\t\t<\/p>\n\t\t\t<div>\n\t\t\t<\/div>\n\t\t<\/div>\n\t<\/div>\n<\/div><div class=\"wpcf7-response-output\" aria-hidden=\"true\"><\/div>\n<\/form>\n<\/div>\n\t\t\t<\/div>\n\t\t<\/div>\n\t<\/div>\n<\/div><\/div>[\/vc_column][\/vc_row]<\/p>\n<\/section>","protected":false},"excerpt":{"rendered":"<p>[vc_row row_type=&#8221;parallax&#8221; content_aligment=&#8221;center&#8221; full_screen_section_height=&#8221;no&#8221; parallax_background_image=&#8221;16736&#8243; css=&#8221;.vc_custom_1751369035605{background-image: url(https:\/\/akor-clash.com\/wp-content\/uploads\/2025\/07\/\u0417\u043d\u0456\u043c\u043e\u043a-\u0435\u043a\u0440\u0430\u043d\u0430-2025-07-01-\u043e-13.36.31-1-scaled.jpg?id=16734) !important;}&#8221;][vc_column][\/vc_column][\/vc_row][vc_row content_aligment=&#8221;center&#8221; css=&#8221;.vc_custom_1751368980710{padding-top: 60px !important;background-image: url(https:\/\/akor-clash.com\/wp-content\/uploads\/2025\/07\/Guide_2-1.jpg?id=16743) !important;}&#8221;][vc_column width=&#8221;1\/2&#8243;][\/vc_column][vc_column width=&#8221;1\/2&#8243;][\/vc_column][\/vc_row]<\/p>\n","protected":false},"author":1,"featured_media":0,"parent":0,"menu_order":-19,"comment_status":"closed","ping_status":"closed","template":"full-width.php","meta":{"footnotes":""},"class_list":["post-17273","page","type-page","status-publish","hentry"],"yoast_head":"<!-- This site is optimized with the Yoast SEO plugin v25.4 - https:\/\/yoast.com\/wordpress\/plugins\/seo\/ -->\n<title>Bize Ula\u015f\u0131n - Akor \u00c7at\u0131\u015fmas\u0131<\/title>\n<meta name=\"robots\" content=\"index, follow, max-snippet:-1, max-image-preview:large, max-video-preview:-1\" \/>\n<link rel=\"canonical\" href=\"https:\/\/akor-clash.com\/tr\/bize-ulasin\/\" \/>\n<meta property=\"og:locale\" content=\"tr_TR\" \/>\n<meta property=\"og:type\" content=\"article\" \/>\n<meta property=\"og:title\" content=\"Bize Ula\u015f\u0131n - Akor \u00c7at\u0131\u015fmas\u0131\" \/>\n<meta property=\"og:description\" content=\"[vc_row row_type=&#8221;parallax&#8221; content_aligment=&#8221;center&#8221; full_screen_section_height=&#8221;no&#8221; parallax_background_image=&#8221;16736&#8243; css=&#8221;.vc_custom_1751369035605{background-image: url(https:\/\/akor-clash.com\/wp-content\/uploads\/2025\/07\/\u0417\u043d\u0456\u043c\u043e\u043a-\u0435\u043a\u0440\u0430\u043d\u0430-2025-07-01-\u043e-13.36.31-1-scaled.jpg?id=16734) !important;}&#8221;][vc_column][\/vc_column][\/vc_row][vc_row content_aligment=&#8221;center&#8221; css=&#8221;.vc_custom_1751368980710{padding-top: 60px !important;background-image: url(https:\/\/akor-clash.com\/wp-content\/uploads\/2025\/07\/Guide_2-1.jpg?id=16743) !important;}&#8221;][vc_column width=&#8221;1\/2&#8243;][\/vc_column][vc_column width=&#8221;1\/2&#8243;][\/vc_column][\/vc_row]\" \/>\n<meta property=\"og:url\" content=\"https:\/\/akor-clash.com\/tr\/bize-ulasin\/\" \/>\n<meta property=\"og:site_name\" content=\"Akor \u00c7at\u0131\u015fmas\u0131\" \/>\n<meta property=\"article:modified_time\" content=\"2026-01-13T13:05:06+00:00\" \/>\n<meta name=\"twitter:card\" content=\"summary_large_image\" \/>\n<meta name=\"twitter:label1\" content=\"Tahmini okuma s\u00fcresi\" \/>\n\t<meta name=\"twitter:data1\" content=\"1 dakika\" \/>\n<script type=\"application\/ld+json\" class=\"yoast-schema-graph\">{\"@context\":\"https:\/\/schema.org\",\"@graph\":[{\"@type\":\"WebPage\",\"@id\":\"https:\/\/akor-clash.com\/tr\/bize-ulasin\/\",\"url\":\"https:\/\/akor-clash.com\/tr\/bize-ulasin\/\",\"name\":\"Bize Ula\u015f\u0131n - Akor \u00c7at\u0131\u015fmas\u0131\",\"isPartOf\":{\"@id\":\"https:\/\/akor-clash.com\/#website\"},\"datePublished\":\"2017-06-08T14:25:19+00:00\",\"dateModified\":\"2026-01-13T13:05:06+00:00\",\"breadcrumb\":{\"@id\":\"https:\/\/akor-clash.com\/tr\/bize-ulasin\/#breadcrumb\"},\"inLanguage\":\"tr\",\"potentialAction\":[{\"@type\":\"ReadAction\",\"target\":[\"https:\/\/akor-clash.com\/tr\/bize-ulasin\/\"]}]},{\"@type\":\"BreadcrumbList\",\"@id\":\"https:\/\/akor-clash.com\/tr\/bize-ulasin\/#breadcrumb\",\"itemListElement\":[{\"@type\":\"ListItem\",\"position\":1,\"name\":\"Home\",\"item\":\"https:\/\/akor-clash.com\/tr\/\"},{\"@type\":\"ListItem\",\"position\":2,\"name\":\"Bize Ula\u015f\u0131n\"}]},{\"@type\":\"WebSite\",\"@id\":\"https:\/\/akor-clash.com\/#website\",\"url\":\"https:\/\/akor-clash.com\/\",\"name\":\"Akor Clash\",\"description\":\"\",\"publisher\":{\"@id\":\"https:\/\/akor-clash.com\/#organization\"},\"potentialAction\":[{\"@type\":\"SearchAction\",\"target\":{\"@type\":\"EntryPoint\",\"urlTemplate\":\"https:\/\/akor-clash.com\/?s={search_term_string}\"},\"query-input\":{\"@type\":\"PropertyValueSpecification\",\"valueRequired\":true,\"valueName\":\"search_term_string\"}}],\"inLanguage\":\"tr\"},{\"@type\":\"Organization\",\"@id\":\"https:\/\/akor-clash.com\/#organization\",\"name\":\"Akor Clash\",\"url\":\"https:\/\/akor-clash.com\/\",\"logo\":{\"@type\":\"ImageObject\",\"inLanguage\":\"tr\",\"@id\":\"https:\/\/akor-clash.com\/#\/schema\/logo\/image\/\",\"url\":\"https:\/\/akor-clash.com\/wp-content\/uploads\/2025\/07\/cropped-logo-akor-clash.png\",\"contentUrl\":\"https:\/\/akor-clash.com\/wp-content\/uploads\/2025\/07\/cropped-logo-akor-clash.png\",\"width\":512,\"height\":512,\"caption\":\"Akor Clash\"},\"image\":{\"@id\":\"https:\/\/akor-clash.com\/#\/schema\/logo\/image\/\"}}]}<\/script>\n<!-- \/ Yoast SEO plugin. -->","yoast_head_json":{"title":"Bize Ula\u015f\u0131n - Akor \u00c7at\u0131\u015fmas\u0131","robots":{"index":"index","follow":"follow","max-snippet":"max-snippet:-1","max-image-preview":"max-image-preview:large","max-video-preview":"max-video-preview:-1"},"canonical":"https:\/\/akor-clash.com\/tr\/bize-ulasin\/","og_locale":"tr_TR","og_type":"article","og_title":"Bize Ula\u015f\u0131n - Akor \u00c7at\u0131\u015fmas\u0131","og_description":"[vc_row row_type=&#8221;parallax&#8221; content_aligment=&#8221;center&#8221; full_screen_section_height=&#8221;no&#8221; parallax_background_image=&#8221;16736&#8243; css=&#8221;.vc_custom_1751369035605{background-image: url(https:\/\/akor-clash.com\/wp-content\/uploads\/2025\/07\/\u0417\u043d\u0456\u043c\u043e\u043a-\u0435\u043a\u0440\u0430\u043d\u0430-2025-07-01-\u043e-13.36.31-1-scaled.jpg?id=16734) !important;}&#8221;][vc_column][\/vc_column][\/vc_row][vc_row content_aligment=&#8221;center&#8221; css=&#8221;.vc_custom_1751368980710{padding-top: 60px !important;background-image: url(https:\/\/akor-clash.com\/wp-content\/uploads\/2025\/07\/Guide_2-1.jpg?id=16743) !important;}&#8221;][vc_column width=&#8221;1\/2&#8243;][\/vc_column][vc_column width=&#8221;1\/2&#8243;][\/vc_column][\/vc_row]","og_url":"https:\/\/akor-clash.com\/tr\/bize-ulasin\/","og_site_name":"Akor \u00c7at\u0131\u015fmas\u0131","article_modified_time":"2026-01-13T13:05:06+00:00","twitter_card":"summary_large_image","twitter_misc":{"Tahmini okuma s\u00fcresi":"1 dakika"},"schema":{"@context":"https:\/\/schema.org","@graph":[{"@type":"WebPage","@id":"https:\/\/akor-clash.com\/tr\/bize-ulasin\/","url":"https:\/\/akor-clash.com\/tr\/bize-ulasin\/","name":"Bize Ula\u015f\u0131n - Akor \u00c7at\u0131\u015fmas\u0131","isPartOf":{"@id":"https:\/\/akor-clash.com\/#website"},"datePublished":"2017-06-08T14:25:19+00:00","dateModified":"2026-01-13T13:05:06+00:00","breadcrumb":{"@id":"https:\/\/akor-clash.com\/tr\/bize-ulasin\/#breadcrumb"},"inLanguage":"tr","potentialAction":[{"@type":"ReadAction","target":["https:\/\/akor-clash.com\/tr\/bize-ulasin\/"]}]},{"@type":"BreadcrumbList","@id":"https:\/\/akor-clash.com\/tr\/bize-ulasin\/#breadcrumb","itemListElement":[{"@type":"ListItem","position":1,"name":"Home","item":"https:\/\/akor-clash.com\/tr\/"},{"@type":"ListItem","position":2,"name":"Bize Ula\u015f\u0131n"}]},{"@type":"WebSite","@id":"https:\/\/akor-clash.com\/#website","url":"https:\/\/akor-clash.com\/","name":"Akor Clash","description":"","publisher":{"@id":"https:\/\/akor-clash.com\/#organization"},"potentialAction":[{"@type":"SearchAction","target":{"@type":"EntryPoint","urlTemplate":"https:\/\/akor-clash.com\/?s={search_term_string}"},"query-input":{"@type":"PropertyValueSpecification","valueRequired":true,"valueName":"search_term_string"}}],"inLanguage":"tr"},{"@type":"Organization","@id":"https:\/\/akor-clash.com\/#organization","name":"Akor Clash","url":"https:\/\/akor-clash.com\/","logo":{"@type":"ImageObject","inLanguage":"tr","@id":"https:\/\/akor-clash.com\/#\/schema\/logo\/image\/","url":"https:\/\/akor-clash.com\/wp-content\/uploads\/2025\/07\/cropped-logo-akor-clash.png","contentUrl":"https:\/\/akor-clash.com\/wp-content\/uploads\/2025\/07\/cropped-logo-akor-clash.png","width":512,"height":512,"caption":"Akor Clash"},"image":{"@id":"https:\/\/akor-clash.com\/#\/schema\/logo\/image\/"}}]}},"_links":{"self":[{"href":"https:\/\/akor-clash.com\/tr\/wp-json\/wp\/v2\/pages\/17273","targetHints":{"allow":["GET"]}}],"collection":[{"href":"https:\/\/akor-clash.com\/tr\/wp-json\/wp\/v2\/pages"}],"about":[{"href":"https:\/\/akor-clash.com\/tr\/wp-json\/wp\/v2\/types\/page"}],"author":[{"embeddable":true,"href":"https:\/\/akor-clash.com\/tr\/wp-json\/wp\/v2\/users\/1"}],"replies":[{"embeddable":true,"href":"https:\/\/akor-clash.com\/tr\/wp-json\/wp\/v2\/comments?post=17273"}],"version-history":[{"count":10,"href":"https:\/\/akor-clash.com\/tr\/wp-json\/wp\/v2\/pages\/17273\/revisions"}],"predecessor-version":[{"id":17451,"href":"https:\/\/akor-clash.com\/tr\/wp-json\/wp\/v2\/pages\/17273\/revisions\/17451"}],"wp:attachment":[{"href":"https:\/\/akor-clash.com\/tr\/wp-json\/wp\/v2\/media?parent=17273"}],"curies":[{"name":"wp","href":"https:\/\/api.w.org\/{rel}","templated":true}]}}